{"id":59,"date":"2024-11-18T17:01:46","date_gmt":"2024-11-18T20:01:46","guid":{"rendered":"https:\/\/hotelsolardorosario.local\/?page_id=59"},"modified":"2024-12-30T09:33:54","modified_gmt":"2024-12-30T12:33:54","slug":"eventos","status":"publish","type":"page","link":"https:\/\/hotelsolardorosario.com\/en\/eventos\/","title":{"rendered":"Events"},"content":{"rendered":"<div data-elementor-type=\"wp-page\" data-elementor-id=\"59\" class=\"elementor elementor-59\" data-elementor-post-type=\"page\">\n\t\t\t\t<div class=\"elementor-element elementor-element-487fe6b e-con-full e-flex e-con e-parent\" data-id=\"487fe6b\" data-element_type=\"container\" data-e-type=\"container\" data-settings=\"{&quot;background_background&quot;:&quot;classic&quot;}\">\n\t\t\t\t<\/div>\n\t\t<header class=\"elementor-element elementor-element-0528e51 e-flex e-con-boxed e-con e-parent\" data-id=\"0528e51\" data-element_type=\"container\" data-e-type=\"container\">\n\t\t\t\t\t<div class=\"e-con-inner\">\n\t\t\t\t<div class=\"elementor-element elementor-element-f1c1cc6 elementor-widget elementor-widget-theme-post-title elementor-page-title elementor-widget-heading\" data-id=\"f1c1cc6\" data-element_type=\"widget\" data-e-type=\"widget\" data-widget_type=\"theme-post-title.default\">\n\t\t\t\t\t<h1 class=\"elementor-heading-title elementor-size-default\">Events<\/h1>\t\t\t\t<\/div>\n\t\t\t\t\t<\/div>\n\t\t\t\t<\/header>\n\t\t<div class=\"elementor-element elementor-element-3ee1438 e-flex e-con-boxed e-con e-parent\" data-id=\"3ee1438\" data-element_type=\"container\" data-e-type=\"container\">\n\t\t\t\t\t<div class=\"e-con-inner\">\n\t\t<div class=\"elementor-element elementor-element-0d0bbf3 e-con-full e-flex e-con e-child\" data-id=\"0d0bbf3\" data-element_type=\"container\" data-e-type=\"container\">\n\t\t\t\t<div class=\"elementor-element elementor-element-f199878 elementor-widget elementor-widget-text-editor\" data-id=\"f199878\" data-element_type=\"widget\" data-e-type=\"widget\" data-widget_type=\"text-editor.default\">\n\t\t\t\t\t\t\t\t\t<p>Hotel Solar do Ros\u00e1rio offers space for hosting small to medium-sized events, with rental fees charged separately. Our structure includes the following venues for such purposes:<\/p><ul><li>Hall: 107.90 m\u00b2 with a ceiling height of 3.52 m.<\/li><li>Anteroom: 75.60 m\u00b2 with a ceiling height of 2.85 m.<\/li><li>Kitchen: 22.53 m\u00b2.<\/li><li>Bathrooms: 4 (2 internal and 2 external).<\/li><li>Covered Patio: 150 m\u00b2.<\/li><\/ul><p>The occupancy capacity of the space varies according to the intended setup and is as follows:<\/p><ul><li>U-Shape: 36 people.<\/li><li>Imperial: 42 people.<\/li><li>Classroom: 42 people.<\/li><li>Herringbone: 36 people.<\/li><li>Auditorium: 100 people.<\/li><li>Cocktail: 150 people.<\/li><\/ul>\t\t\t\t\t\t\t\t<\/div>\n\t\t\t\t<div class=\"elementor-element elementor-element-1a8d147 elementor-mobile-align-justify elementor-widget elementor-widget-button\" data-id=\"1a8d147\" data-element_type=\"widget\" data-e-type=\"widget\" data-widget_type=\"button.default\">\n\t\t\t\t\t\t\t\t\t\t<a class=\"elementor-button elementor-button-link elementor-size-sm\" href=\"https:\/\/hotelsolardorosario.com\/en\/contato\/\">\n\t\t\t\t\t\t<span class=\"elementor-button-content-wrapper\">\n\t\t\t\t\t\t\t\t\t<span class=\"elementor-button-text\">Schedule Your Event<\/span>\n\t\t\t\t\t<\/span>\n\t\t\t\t\t<\/a>\n\t\t\t\t\t\t\t\t<\/div>\n\t\t\t\t<\/div>\n\t\t<div class=\"elementor-element elementor-element-e7e5be3 e-con-full e-flex e-con e-child\" data-id=\"e7e5be3\" data-element_type=\"container\" data-e-type=\"container\">\n\t\t\t\t<div class=\"elementor-element elementor-element-0c05b23 elementor-skin-slideshow elementor-widget elementor-widget-media-carousel\" data-id=\"0c05b23\" data-element_type=\"widget\" data-e-type=\"widget\" data-settings=\"{&quot;skin&quot;:&quot;slideshow&quot;,&quot;slideshow_slides_per_view&quot;:&quot;4&quot;,&quot;centered_slides&quot;:&quot;yes&quot;,&quot;lazyload&quot;:&quot;yes&quot;,&quot;effect&quot;:&quot;slide&quot;,&quot;speed&quot;:500,&quot;autoplay&quot;:&quot;yes&quot;,&quot;autoplay_speed&quot;:5000,&quot;loop&quot;:&quot;yes&quot;,&quot;pause_on_hover&quot;:&quot;yes&quot;,&quot;pause_on_interaction&quot;:&quot;yes&quot;,&quot;space_between&quot;:{&quot;unit&quot;:&quot;px&quot;,&quot;size&quot;:10,&quot;sizes&quot;:[]},&quot;space_between_laptop&quot;:{&quot;unit&quot;:&quot;px&quot;,&quot;size&quot;:10,&quot;sizes&quot;:[]},&quot;space_between_tablet&quot;:{&quot;unit&quot;:&quot;px&quot;,&quot;size&quot;:10,&quot;sizes&quot;:[]},&quot;space_between_mobile&quot;:{&quot;unit&quot;:&quot;px&quot;,&quot;size&quot;:10,&quot;sizes&quot;:[]}}\" data-widget_type=\"media-carousel.default\">\n\t\t\t\t\t\t\t\t\t\t<div class=\"elementor-main-swiper swiper\" role=\"region\" aria-roledescription=\"carousel\" aria-label=\"Slides\">\n\t\t\t\t<div class=\"swiper-wrapper\">\n\t\t\t\t\t\t\t\t\t\t\t<div class=\"swiper-slide\" role=\"group\" aria-roledescription=\"slide\">\n\t\t\t\t\t\t\t<a href=\"https:\/\/hotelsolardorosario.com\/wp-content\/uploads\/2024\/11\/Hotel-Solar-do-Rosario-Espaco-para-Eventos-6.jpg\" data-elementor-open-lightbox=\"yes\" data-elementor-lightbox-slideshow=\"0c05b23\" data-elementor-lightbox-title=\"Hotel Solar do Rosario - Espaco para Eventos (6)\" data-e-action-hash=\"#elementor-action%3Aaction%3Dlightbox%26settings%3DeyJpZCI6MzIxLCJ1cmwiOiJodHRwczpcL1wvaG90ZWxzb2xhcmRvcm9zYXJpby5jb21cL3dwLWNvbnRlbnRcL3VwbG9hZHNcLzIwMjRcLzExXC9Ib3RlbC1Tb2xhci1kby1Sb3NhcmlvLUVzcGFjby1wYXJhLUV2ZW50b3MtNi5qcGciLCJzbGlkZXNob3ciOiIwYzA1YjIzIn0%3D\">\t\t<div class=\"elementor-carousel-image swiper-lazy\" role=\"img\" aria-label=\"Hotel Solar do Rosario - Espaco para Eventos (6)\" data-background=\"https:\/\/hotelsolardorosario.com\/wp-content\/uploads\/2024\/11\/Hotel-Solar-do-Rosario-Espaco-para-Eventos-6.jpg\">\n\n\t\t\t\t\t\t\t<div class=\"swiper-lazy-preloader\"><\/div>\n\t\t\t\n\t\t\t\t\t<\/div>\n\t\t<\/a>\t\t\t\t\t\t<\/div>\n\t\t\t\t\t\t\t\t\t\t\t<div class=\"swiper-slide\" role=\"group\" aria-roledescription=\"slide\">\n\t\t\t\t\t\t\t<a href=\"https:\/\/hotelsolardorosario.com\/wp-content\/uploads\/2024\/11\/Hotel-Solar-do-Rosario-Espaco-para-Eventos-8.jpg\" data-elementor-open-lightbox=\"yes\" data-elementor-lightbox-slideshow=\"0c05b23\" data-elementor-lightbox-title=\"Hotel Solar do Rosario - Espaco para Eventos (8)\" data-e-action-hash=\"#elementor-action%3Aaction%3Dlightbox%26settings%3DeyJpZCI6MzIzLCJ1cmwiOiJodHRwczpcL1wvaG90ZWxzb2xhcmRvcm9zYXJpby5jb21cL3dwLWNvbnRlbnRcL3VwbG9hZHNcLzIwMjRcLzExXC9Ib3RlbC1Tb2xhci1kby1Sb3NhcmlvLUVzcGFjby1wYXJhLUV2ZW50b3MtOC5qcGciLCJzbGlkZXNob3ciOiIwYzA1YjIzIn0%3D\">\t\t<div class=\"elementor-carousel-image swiper-lazy\" role=\"img\" aria-label=\"Hotel Solar do Rosario - Espaco para Eventos (8)\" data-background=\"https:\/\/hotelsolardorosario.com\/wp-content\/uploads\/2024\/11\/Hotel-Solar-do-Rosario-Espaco-para-Eventos-8.jpg\">\n\n\t\t\t\t\t\t\t<div class=\"swiper-lazy-preloader\"><\/div>\n\t\t\t\n\t\t\t\t\t<\/div>\n\t\t<\/a>\t\t\t\t\t\t<\/div>\n\t\t\t\t\t\t\t\t\t\t\t<div class=\"swiper-slide\" role=\"group\" aria-roledescription=\"slide\">\n\t\t\t\t\t\t\t<a href=\"https:\/\/hotelsolardorosario.com\/wp-content\/uploads\/2024\/11\/Hotel-Solar-do-Rosario-Espaco-para-Eventos-2.jpg\" data-elementor-open-lightbox=\"yes\" data-elementor-lightbox-slideshow=\"0c05b23\" data-elementor-lightbox-title=\"Hotel Solar do Rosario - Espaco para Eventos (2)\" data-e-action-hash=\"#elementor-action%3Aaction%3Dlightbox%26settings%3DeyJpZCI6MzE3LCJ1cmwiOiJodHRwczpcL1wvaG90ZWxzb2xhcmRvcm9zYXJpby5jb21cL3dwLWNvbnRlbnRcL3VwbG9hZHNcLzIwMjRcLzExXC9Ib3RlbC1Tb2xhci1kby1Sb3NhcmlvLUVzcGFjby1wYXJhLUV2ZW50b3MtMi5qcGciLCJzbGlkZXNob3ciOiIwYzA1YjIzIn0%3D\">\t\t<div class=\"elementor-carousel-image swiper-lazy\" role=\"img\" aria-label=\"Hotel Solar do Rosario - Espaco para Eventos (2)\" data-background=\"https:\/\/hotelsolardorosario.com\/wp-content\/uploads\/2024\/11\/Hotel-Solar-do-Rosario-Espaco-para-Eventos-2.jpg\">\n\n\t\t\t\t\t\t\t<div class=\"swiper-lazy-preloader\"><\/div>\n\t\t\t\n\t\t\t\t\t<\/div>\n\t\t<\/a>\t\t\t\t\t\t<\/div>\n\t\t\t\t\t\t\t\t\t\t\t<div class=\"swiper-slide\" role=\"group\" aria-roledescription=\"slide\">\n\t\t\t\t\t\t\t<a href=\"https:\/\/hotelsolardorosario.com\/wp-content\/uploads\/2024\/11\/Hotel-Solar-do-Rosario-Espaco-para-Eventos-5.jpg\" data-elementor-open-lightbox=\"yes\" data-elementor-lightbox-slideshow=\"0c05b23\" data-elementor-lightbox-title=\"Hotel Solar do Rosario - Espaco para Eventos (5)\" data-e-action-hash=\"#elementor-action%3Aaction%3Dlightbox%26settings%3DeyJpZCI6MzIwLCJ1cmwiOiJodHRwczpcL1wvaG90ZWxzb2xhcmRvcm9zYXJpby5jb21cL3dwLWNvbnRlbnRcL3VwbG9hZHNcLzIwMjRcLzExXC9Ib3RlbC1Tb2xhci1kby1Sb3NhcmlvLUVzcGFjby1wYXJhLUV2ZW50b3MtNS5qcGciLCJzbGlkZXNob3ciOiIwYzA1YjIzIn0%3D\">\t\t<div class=\"elementor-carousel-image swiper-lazy\" role=\"img\" aria-label=\"Hotel Solar do Rosario - Espaco para Eventos (5)\" data-background=\"https:\/\/hotelsolardorosario.com\/wp-content\/uploads\/2024\/11\/Hotel-Solar-do-Rosario-Espaco-para-Eventos-5.jpg\">\n\n\t\t\t\t\t\t\t<div class=\"swiper-lazy-preloader\"><\/div>\n\t\t\t\n\t\t\t\t\t<\/div>\n\t\t<\/a>\t\t\t\t\t\t<\/div>\n\t\t\t\t\t\t\t\t\t\t\t<div class=\"swiper-slide\" role=\"group\" aria-roledescription=\"slide\">\n\t\t\t\t\t\t\t<a href=\"https:\/\/hotelsolardorosario.com\/wp-content\/uploads\/2024\/11\/Hotel-Solar-do-Rosario-Espaco-para-Eventos-1.jpg\" data-elementor-open-lightbox=\"yes\" data-elementor-lightbox-slideshow=\"0c05b23\" data-elementor-lightbox-title=\"Hotel Solar do Rosario - Espaco para Eventos (1)\" data-e-action-hash=\"#elementor-action%3Aaction%3Dlightbox%26settings%3DeyJpZCI6MzE2LCJ1cmwiOiJodHRwczpcL1wvaG90ZWxzb2xhcmRvcm9zYXJpby5jb21cL3dwLWNvbnRlbnRcL3VwbG9hZHNcLzIwMjRcLzExXC9Ib3RlbC1Tb2xhci1kby1Sb3NhcmlvLUVzcGFjby1wYXJhLUV2ZW50b3MtMS5qcGciLCJzbGlkZXNob3ciOiIwYzA1YjIzIn0%3D\">\t\t<div class=\"elementor-carousel-image swiper-lazy\" role=\"img\" aria-label=\"Hotel Solar do Rosario - Espaco para Eventos (1)\" data-background=\"https:\/\/hotelsolardorosario.com\/wp-content\/uploads\/2024\/11\/Hotel-Solar-do-Rosario-Espaco-para-Eventos-1.jpg\">\n\n\t\t\t\t\t\t\t<div class=\"swiper-lazy-preloader\"><\/div>\n\t\t\t\n\t\t\t\t\t<\/div>\n\t\t<\/a>\t\t\t\t\t\t<\/div>\n\t\t\t\t\t\t\t\t\t\t\t<div class=\"swiper-slide\" role=\"group\" aria-roledescription=\"slide\">\n\t\t\t\t\t\t\t<a href=\"https:\/\/hotelsolardorosario.com\/wp-content\/uploads\/2024\/11\/Hotel-Solar-do-Rosario-Espaco-para-Eventos-9.jpg\" data-elementor-open-lightbox=\"yes\" data-elementor-lightbox-slideshow=\"0c05b23\" data-elementor-lightbox-title=\"Hotel Solar do Rosario - Espaco para Eventos (9)\" data-e-action-hash=\"#elementor-action%3Aaction%3Dlightbox%26settings%3DeyJpZCI6MzI0LCJ1cmwiOiJodHRwczpcL1wvaG90ZWxzb2xhcmRvcm9zYXJpby5jb21cL3dwLWNvbnRlbnRcL3VwbG9hZHNcLzIwMjRcLzExXC9Ib3RlbC1Tb2xhci1kby1Sb3NhcmlvLUVzcGFjby1wYXJhLUV2ZW50b3MtOS5qcGciLCJzbGlkZXNob3ciOiIwYzA1YjIzIn0%3D\">\t\t<div class=\"elementor-carousel-image swiper-lazy\" role=\"img\" aria-label=\"Hotel Solar do Rosario - Espaco para Eventos (9)\" data-background=\"https:\/\/hotelsolardorosario.com\/wp-content\/uploads\/2024\/11\/Hotel-Solar-do-Rosario-Espaco-para-Eventos-9.jpg\">\n\n\t\t\t\t\t\t\t<div class=\"swiper-lazy-preloader\"><\/div>\n\t\t\t\n\t\t\t\t\t<\/div>\n\t\t<\/a>\t\t\t\t\t\t<\/div>\n\t\t\t\t\t\t\t\t\t\t\t<div class=\"swiper-slide\" role=\"group\" aria-roledescription=\"slide\">\n\t\t\t\t\t\t\t<a href=\"https:\/\/hotelsolardorosario.com\/wp-content\/uploads\/2024\/11\/Hotel-Solar-do-Rosario-Espaco-para-Eventos-10.jpg\" data-elementor-open-lightbox=\"yes\" data-elementor-lightbox-slideshow=\"0c05b23\" data-elementor-lightbox-title=\"Hotel Solar do Rosario - Espaco para Eventos (10)\" data-e-action-hash=\"#elementor-action%3Aaction%3Dlightbox%26settings%3DeyJpZCI6MzI1LCJ1cmwiOiJodHRwczpcL1wvaG90ZWxzb2xhcmRvcm9zYXJpby5jb21cL3dwLWNvbnRlbnRcL3VwbG9hZHNcLzIwMjRcLzExXC9Ib3RlbC1Tb2xhci1kby1Sb3NhcmlvLUVzcGFjby1wYXJhLUV2ZW50b3MtMTAuanBnIiwic2xpZGVzaG93IjoiMGMwNWIyMyJ9\">\t\t<div class=\"elementor-carousel-image swiper-lazy\" role=\"img\" aria-label=\"Hotel Solar do Rosario - Espaco para Eventos (10)\" data-background=\"https:\/\/hotelsolardorosario.com\/wp-content\/uploads\/2024\/11\/Hotel-Solar-do-Rosario-Espaco-para-Eventos-10.jpg\">\n\n\t\t\t\t\t\t\t<div class=\"swiper-lazy-preloader\"><\/div>\n\t\t\t\n\t\t\t\t\t<\/div>\n\t\t<\/a>\t\t\t\t\t\t<\/div>\n\t\t\t\t\t\t\t\t\t\t\t<div class=\"swiper-slide\" role=\"group\" aria-roledescription=\"slide\">\n\t\t\t\t\t\t\t<a href=\"https:\/\/hotelsolardorosario.com\/wp-content\/uploads\/2024\/11\/Hotel-Solar-do-Rosario-Eventos-e-Convencoes-10.jpg\" data-elementor-open-lightbox=\"yes\" data-elementor-lightbox-slideshow=\"0c05b23\" data-elementor-lightbox-title=\"Hotel Solar do Rosario - Eventos e Convencoes (10)\" data-e-action-hash=\"#elementor-action%3Aaction%3Dlightbox%26settings%3DeyJpZCI6MzE1LCJ1cmwiOiJodHRwczpcL1wvaG90ZWxzb2xhcmRvcm9zYXJpby5jb21cL3dwLWNvbnRlbnRcL3VwbG9hZHNcLzIwMjRcLzExXC9Ib3RlbC1Tb2xhci1kby1Sb3NhcmlvLUV2ZW50b3MtZS1Db252ZW5jb2VzLTEwLmpwZyIsInNsaWRlc2hvdyI6IjBjMDViMjMifQ%3D%3D\">\t\t<div class=\"elementor-carousel-image swiper-lazy\" role=\"img\" aria-label=\"Hotel Solar do Rosario - Eventos e Convencoes (10)\" data-background=\"https:\/\/hotelsolardorosario.com\/wp-content\/uploads\/2024\/11\/Hotel-Solar-do-Rosario-Eventos-e-Convencoes-10.jpg\">\n\n\t\t\t\t\t\t\t<div class=\"swiper-lazy-preloader\"><\/div>\n\t\t\t\n\t\t\t\t\t<\/div>\n\t\t<\/a>\t\t\t\t\t\t<\/div>\n\t\t\t\t\t\t\t\t\t\t\t<div class=\"swiper-slide\" role=\"group\" aria-roledescription=\"slide\">\n\t\t\t\t\t\t\t<a href=\"https:\/\/hotelsolardorosario.com\/wp-content\/uploads\/2024\/11\/Hotel-Solar-do-Rosario-Eventos-e-Convencoes-9.jpg\" data-elementor-open-lightbox=\"yes\" data-elementor-lightbox-slideshow=\"0c05b23\" data-elementor-lightbox-title=\"Hotel Solar do Rosario - Eventos e Convencoes (9)\" data-e-action-hash=\"#elementor-action%3Aaction%3Dlightbox%26settings%3DeyJpZCI6MzE0LCJ1cmwiOiJodHRwczpcL1wvaG90ZWxzb2xhcmRvcm9zYXJpby5jb21cL3dwLWNvbnRlbnRcL3VwbG9hZHNcLzIwMjRcLzExXC9Ib3RlbC1Tb2xhci1kby1Sb3NhcmlvLUV2ZW50b3MtZS1Db252ZW5jb2VzLTkuanBnIiwic2xpZGVzaG93IjoiMGMwNWIyMyJ9\">\t\t<div class=\"elementor-carousel-image swiper-lazy\" role=\"img\" aria-label=\"Hotel Solar do Rosario - Eventos e Convencoes (9)\" data-background=\"https:\/\/hotelsolardorosario.com\/wp-content\/uploads\/2024\/11\/Hotel-Solar-do-Rosario-Eventos-e-Convencoes-9.jpg\">\n\n\t\t\t\t\t\t\t<div class=\"swiper-lazy-preloader\"><\/div>\n\t\t\t\n\t\t\t\t\t<\/div>\n\t\t<\/a>\t\t\t\t\t\t<\/div>\n\t\t\t\t\t\t\t\t\t\t\t<div class=\"swiper-slide\" role=\"group\" aria-roledescription=\"slide\">\n\t\t\t\t\t\t\t<a href=\"https:\/\/hotelsolardorosario.com\/wp-content\/uploads\/2024\/11\/Hotel-Solar-do-Rosario-Eventos-e-Convencoes-4.jpg\" data-elementor-open-lightbox=\"yes\" data-elementor-lightbox-slideshow=\"0c05b23\" data-elementor-lightbox-title=\"Hotel Solar do Rosario - Eventos e Convencoes (4)\" data-e-action-hash=\"#elementor-action%3Aaction%3Dlightbox%26settings%3DeyJpZCI6MzA5LCJ1cmwiOiJodHRwczpcL1wvaG90ZWxzb2xhcmRvcm9zYXJpby5jb21cL3dwLWNvbnRlbnRcL3VwbG9hZHNcLzIwMjRcLzExXC9Ib3RlbC1Tb2xhci1kby1Sb3NhcmlvLUV2ZW50b3MtZS1Db252ZW5jb2VzLTQuanBnIiwic2xpZGVzaG93IjoiMGMwNWIyMyJ9\">\t\t<div class=\"elementor-carousel-image swiper-lazy\" role=\"img\" aria-label=\"Hotel Solar do Rosario - Eventos e Convencoes (4)\" data-background=\"https:\/\/hotelsolardorosario.com\/wp-content\/uploads\/2024\/11\/Hotel-Solar-do-Rosario-Eventos-e-Convencoes-4.jpg\">\n\n\t\t\t\t\t\t\t<div class=\"swiper-lazy-preloader\"><\/div>\n\t\t\t\n\t\t\t\t\t<\/div>\n\t\t<\/a>\t\t\t\t\t\t<\/div>\n\t\t\t\t\t\t\t\t\t\t\t<div class=\"swiper-slide\" role=\"group\" aria-roledescription=\"slide\">\n\t\t\t\t\t\t\t<a href=\"https:\/\/hotelsolardorosario.com\/wp-content\/uploads\/2024\/11\/Hotel-Solar-do-Rosario-Eventos-e-Convencoes-1.jpg\" data-elementor-open-lightbox=\"yes\" data-elementor-lightbox-slideshow=\"0c05b23\" data-elementor-lightbox-title=\"Hotel Solar do Rosario - Eventos e Convencoes (1)\" data-e-action-hash=\"#elementor-action%3Aaction%3Dlightbox%26settings%3DeyJpZCI6MzA2LCJ1cmwiOiJodHRwczpcL1wvaG90ZWxzb2xhcmRvcm9zYXJpby5jb21cL3dwLWNvbnRlbnRcL3VwbG9hZHNcLzIwMjRcLzExXC9Ib3RlbC1Tb2xhci1kby1Sb3NhcmlvLUV2ZW50b3MtZS1Db252ZW5jb2VzLTEuanBnIiwic2xpZGVzaG93IjoiMGMwNWIyMyJ9\">\t\t<div class=\"elementor-carousel-image swiper-lazy\" role=\"img\" aria-label=\"Hotel Solar do Rosario - Eventos e Convencoes (1)\" data-background=\"https:\/\/hotelsolardorosario.com\/wp-content\/uploads\/2024\/11\/Hotel-Solar-do-Rosario-Eventos-e-Convencoes-1.jpg\">\n\n\t\t\t\t\t\t\t<div class=\"swiper-lazy-preloader\"><\/div>\n\t\t\t\n\t\t\t\t\t<\/div>\n\t\t<\/a>\t\t\t\t\t\t<\/div>\n\t\t\t\t\t\t\t\t\t\t\t<div class=\"swiper-slide\" role=\"group\" aria-roledescription=\"slide\">\n\t\t\t\t\t\t\t<a href=\"https:\/\/hotelsolardorosario.com\/wp-content\/uploads\/2024\/11\/Hotel-Solar-do-Rosario-Planta-do-Salao.jpg\" data-elementor-open-lightbox=\"yes\" data-elementor-lightbox-slideshow=\"0c05b23\" data-elementor-lightbox-title=\"Hotel Solar do Rosario Planta do Salao\" data-e-action-hash=\"#elementor-action%3Aaction%3Dlightbox%26settings%3DeyJpZCI6Njk5LCJ1cmwiOiJodHRwczpcL1wvaG90ZWxzb2xhcmRvcm9zYXJpby5jb21cL3dwLWNvbnRlbnRcL3VwbG9hZHNcLzIwMjRcLzExXC9Ib3RlbC1Tb2xhci1kby1Sb3NhcmlvLVBsYW50YS1kby1TYWxhby5qcGciLCJzbGlkZXNob3ciOiIwYzA1YjIzIn0%3D\">\t\t<div class=\"elementor-carousel-image swiper-lazy\" role=\"img\" aria-label=\"Hotel Solar do Rosario Planta do Salao\" data-background=\"https:\/\/hotelsolardorosario.com\/wp-content\/uploads\/2024\/11\/Hotel-Solar-do-Rosario-Planta-do-Salao.jpg\">\n\n\t\t\t\t\t\t\t<div class=\"swiper-lazy-preloader\"><\/div>\n\t\t\t\n\t\t\t\t\t<\/div>\n\t\t<\/a>\t\t\t\t\t\t<\/div>\n\t\t\t\t\t\t\t\t\t<\/div>\n\t\t\t\t\t\t\t\t\t\t\t\t\t\t\t\t\t\t\t\t\t<\/div>\n\t\t\t\t\t\t\t\t\t<div class=\"elementor-main-swiper swiper elementor-thumbnails-swiper swiper\" role=\"region region\" aria-roledescription=\"carousel carousel\" aria-label=\"Slides Slides\">\n\t\t\t\t<div class=\"swiper-wrapper\">\n\t\t\t\t\t\t\t\t\t\t\t<div class=\"swiper-slide\" role=\"group\" aria-roledescription=\"slide\">\n\t\t\t\t\t\t\t\t\t<div class=\"elementor-carousel-image swiper-lazy\" role=\"img\" aria-label=\"Hotel Solar do Rosario - Espaco para Eventos (6)\" data-background=\"https:\/\/hotelsolardorosario.com\/wp-content\/uploads\/2024\/11\/Hotel-Solar-do-Rosario-Espaco-para-Eventos-6.jpg\">\n\n\t\t\t\t\t\t\t<div class=\"swiper-lazy-preloader\"><\/div>\n\t\t\t\n\t\t\t\t\t<\/div>\n\t\t<\/a>\t\t\t\t\t\t<\/div>\n\t\t\t\t\t\t\t\t\t\t\t<div class=\"swiper-slide\" role=\"group\" aria-roledescription=\"slide\">\n\t\t\t\t\t\t\t\t\t<div class=\"elementor-carousel-image swiper-lazy\" role=\"img\" aria-label=\"Hotel Solar do Rosario - Espaco para Eventos (8)\" data-background=\"https:\/\/hotelsolardorosario.com\/wp-content\/uploads\/2024\/11\/Hotel-Solar-do-Rosario-Espaco-para-Eventos-8.jpg\">\n\n\t\t\t\t\t\t\t<div class=\"swiper-lazy-preloader\"><\/div>\n\t\t\t\n\t\t\t\t\t<\/div>\n\t\t<\/a>\t\t\t\t\t\t<\/div>\n\t\t\t\t\t\t\t\t\t\t\t<div class=\"swiper-slide\" role=\"group\" aria-roledescription=\"slide\">\n\t\t\t\t\t\t\t\t\t<div class=\"elementor-carousel-image swiper-lazy\" role=\"img\" aria-label=\"Hotel Solar do Rosario - Espaco para Eventos (2)\" data-background=\"https:\/\/hotelsolardorosario.com\/wp-content\/uploads\/2024\/11\/Hotel-Solar-do-Rosario-Espaco-para-Eventos-2.jpg\">\n\n\t\t\t\t\t\t\t<div class=\"swiper-lazy-preloader\"><\/div>\n\t\t\t\n\t\t\t\t\t<\/div>\n\t\t<\/a>\t\t\t\t\t\t<\/div>\n\t\t\t\t\t\t\t\t\t\t\t<div class=\"swiper-slide\" role=\"group\" aria-roledescription=\"slide\">\n\t\t\t\t\t\t\t\t\t<div class=\"elementor-carousel-image swiper-lazy\" role=\"img\" aria-label=\"Hotel Solar do Rosario - Espaco para Eventos (5)\" data-background=\"https:\/\/hotelsolardorosario.com\/wp-content\/uploads\/2024\/11\/Hotel-Solar-do-Rosario-Espaco-para-Eventos-5.jpg\">\n\n\t\t\t\t\t\t\t<div class=\"swiper-lazy-preloader\"><\/div>\n\t\t\t\n\t\t\t\t\t<\/div>\n\t\t<\/a>\t\t\t\t\t\t<\/div>\n\t\t\t\t\t\t\t\t\t\t\t<div class=\"swiper-slide\" role=\"group\" aria-roledescription=\"slide\">\n\t\t\t\t\t\t\t\t\t<div class=\"elementor-carousel-image swiper-lazy\" role=\"img\" aria-label=\"Hotel Solar do Rosario - Espaco para Eventos (1)\" data-background=\"https:\/\/hotelsolardorosario.com\/wp-content\/uploads\/2024\/11\/Hotel-Solar-do-Rosario-Espaco-para-Eventos-1.jpg\">\n\n\t\t\t\t\t\t\t<div class=\"swiper-lazy-preloader\"><\/div>\n\t\t\t\n\t\t\t\t\t<\/div>\n\t\t<\/a>\t\t\t\t\t\t<\/div>\n\t\t\t\t\t\t\t\t\t\t\t<div class=\"swiper-slide\" role=\"group\" aria-roledescription=\"slide\">\n\t\t\t\t\t\t\t\t\t<div class=\"elementor-carousel-image swiper-lazy\" role=\"img\" aria-label=\"Hotel Solar do Rosario - Espaco para Eventos (9)\" data-background=\"https:\/\/hotelsolardorosario.com\/wp-content\/uploads\/2024\/11\/Hotel-Solar-do-Rosario-Espaco-para-Eventos-9.jpg\">\n\n\t\t\t\t\t\t\t<div class=\"swiper-lazy-preloader\"><\/div>\n\t\t\t\n\t\t\t\t\t<\/div>\n\t\t<\/a>\t\t\t\t\t\t<\/div>\n\t\t\t\t\t\t\t\t\t\t\t<div class=\"swiper-slide\" role=\"group\" aria-roledescription=\"slide\">\n\t\t\t\t\t\t\t\t\t<div class=\"elementor-carousel-image swiper-lazy\" role=\"img\" aria-label=\"Hotel Solar do Rosario - Espaco para Eventos (10)\" data-background=\"https:\/\/hotelsolardorosario.com\/wp-content\/uploads\/2024\/11\/Hotel-Solar-do-Rosario-Espaco-para-Eventos-10.jpg\">\n\n\t\t\t\t\t\t\t<div class=\"swiper-lazy-preloader\"><\/div>\n\t\t\t\n\t\t\t\t\t<\/div>\n\t\t<\/a>\t\t\t\t\t\t<\/div>\n\t\t\t\t\t\t\t\t\t\t\t<div class=\"swiper-slide\" role=\"group\" aria-roledescription=\"slide\">\n\t\t\t\t\t\t\t\t\t<div class=\"elementor-carousel-image swiper-lazy\" role=\"img\" aria-label=\"Hotel Solar do Rosario - Eventos e Convencoes (10)\" data-background=\"https:\/\/hotelsolardorosario.com\/wp-content\/uploads\/2024\/11\/Hotel-Solar-do-Rosario-Eventos-e-Convencoes-10.jpg\">\n\n\t\t\t\t\t\t\t<div class=\"swiper-lazy-preloader\"><\/div>\n\t\t\t\n\t\t\t\t\t<\/div>\n\t\t<\/a>\t\t\t\t\t\t<\/div>\n\t\t\t\t\t\t\t\t\t\t\t<div class=\"swiper-slide\" role=\"group\" aria-roledescription=\"slide\">\n\t\t\t\t\t\t\t\t\t<div class=\"elementor-carousel-image swiper-lazy\" role=\"img\" aria-label=\"Hotel Solar do Rosario - Eventos e Convencoes (9)\" data-background=\"https:\/\/hotelsolardorosario.com\/wp-content\/uploads\/2024\/11\/Hotel-Solar-do-Rosario-Eventos-e-Convencoes-9.jpg\">\n\n\t\t\t\t\t\t\t<div class=\"swiper-lazy-preloader\"><\/div>\n\t\t\t\n\t\t\t\t\t<\/div>\n\t\t<\/a>\t\t\t\t\t\t<\/div>\n\t\t\t\t\t\t\t\t\t\t\t<div class=\"swiper-slide\" role=\"group\" aria-roledescription=\"slide\">\n\t\t\t\t\t\t\t\t\t<div class=\"elementor-carousel-image swiper-lazy\" role=\"img\" aria-label=\"Hotel Solar do Rosario - Eventos e Convencoes (4)\" data-background=\"https:\/\/hotelsolardorosario.com\/wp-content\/uploads\/2024\/11\/Hotel-Solar-do-Rosario-Eventos-e-Convencoes-4.jpg\">\n\n\t\t\t\t\t\t\t<div class=\"swiper-lazy-preloader\"><\/div>\n\t\t\t\n\t\t\t\t\t<\/div>\n\t\t<\/a>\t\t\t\t\t\t<\/div>\n\t\t\t\t\t\t\t\t\t\t\t<div class=\"swiper-slide\" role=\"group\" aria-roledescription=\"slide\">\n\t\t\t\t\t\t\t\t\t<div class=\"elementor-carousel-image swiper-lazy\" role=\"img\" aria-label=\"Hotel Solar do Rosario - Eventos e Convencoes (1)\" data-background=\"https:\/\/hotelsolardorosario.com\/wp-content\/uploads\/2024\/11\/Hotel-Solar-do-Rosario-Eventos-e-Convencoes-1.jpg\">\n\n\t\t\t\t\t\t\t<div class=\"swiper-lazy-preloader\"><\/div>\n\t\t\t\n\t\t\t\t\t<\/div>\n\t\t<\/a>\t\t\t\t\t\t<\/div>\n\t\t\t\t\t\t\t\t\t\t\t<div class=\"swiper-slide\" role=\"group\" aria-roledescription=\"slide\">\n\t\t\t\t\t\t\t\t\t<div class=\"elementor-carousel-image swiper-lazy\" role=\"img\" aria-label=\"Hotel Solar do Rosario Planta do Salao\" data-background=\"https:\/\/hotelsolardorosario.com\/wp-content\/uploads\/2024\/11\/Hotel-Solar-do-Rosario-Planta-do-Salao.jpg\">\n\n\t\t\t\t\t\t\t<div class=\"swiper-lazy-preloader\"><\/div>\n\t\t\t\n\t\t\t\t\t<\/div>\n\t\t<\/a>\t\t\t\t\t\t<\/div>\n\t\t\t\t\t\t\t\t\t<\/div>\n\t\t\t\t\t\t\t\t\t\t\t\t\t\t\t\t\t\t\t\t\t<\/div>\n\t\t\t\t\t\t\t\t<\/div>\n\t\t\t\t<\/div>\n\t\t\t\t\t<\/div>\n\t\t\t\t<\/div>\n\t\t\t\t<\/div>","protected":false},"excerpt":{"rendered":"<p>O Hotel Solar do Ros\u00e1rio oferece espa\u00e7o para a realiza\u00e7\u00e3o de eventos de pequeno e m\u00e9dio portes, com loca\u00e7\u00e3o tarifada a parte. Conta, em sua estrutura, com os seguintes ambientes para tais fins: Sal\u00e3o de 107,90 m\u00b2 e p\u00e9-direito de 3,52 m. Antessala de 75,60 m\u00b2 e p\u00e9-direito de 2,85 m. Cozinha de 22,53 m\u00b2. [&hellip;]<\/p>\n","protected":false},"author":1,"featured_media":678,"parent":0,"menu_order":0,"comment_status":"closed","ping_status":"closed","template":"elementor_header_footer","meta":{"footnotes":""},"class_list":["post-59","page","type-page","status-publish","has-post-thumbnail","hentry"],"_links":{"self":[{"href":"https:\/\/hotelsolardorosario.com\/en\/wp-json\/wp\/v2\/pages\/59","targetHints":{"allow":["GET"]}}],"collection":[{"href":"https:\/\/hotelsolardorosario.com\/en\/wp-json\/wp\/v2\/pages"}],"about":[{"href":"https:\/\/hotelsolardorosario.com\/en\/wp-json\/wp\/v2\/types\/page"}],"author":[{"embeddable":true,"href":"https:\/\/hotelsolardorosario.com\/en\/wp-json\/wp\/v2\/users\/1"}],"replies":[{"embeddable":true,"href":"https:\/\/hotelsolardorosario.com\/en\/wp-json\/wp\/v2\/comments?post=59"}],"version-history":[{"count":3,"href":"https:\/\/hotelsolardorosario.com\/en\/wp-json\/wp\/v2\/pages\/59\/revisions"}],"predecessor-version":[{"id":1220,"href":"https:\/\/hotelsolardorosario.com\/en\/wp-json\/wp\/v2\/pages\/59\/revisions\/1220"}],"wp:featuredmedia":[{"embeddable":true,"href":"https:\/\/hotelsolardorosario.com\/en\/wp-json\/wp\/v2\/media\/678"}],"wp:attachment":[{"href":"https:\/\/hotelsolardorosario.com\/en\/wp-json\/wp\/v2\/media?parent=59"}],"curies":[{"name":"wp","href":"https:\/\/api.w.org\/{rel}","templated":true}]}}