{"id":55,"date":"2024-11-18T17:01:22","date_gmt":"2024-11-18T20:01:22","guid":{"rendered":"https:\/\/hotelsolardorosario.local\/?page_id=55"},"modified":"2025-11-29T11:47:00","modified_gmt":"2025-11-29T14:47:00","slug":"infraestrutura-e-servicos","status":"publish","type":"page","link":"https:\/\/hotelsolardorosario.com\/en\/infraestrutura-e-servicos\/","title":{"rendered":"Infrastructure and Services"},"content":{"rendered":"<div data-elementor-type=\"wp-page\" data-elementor-id=\"55\" class=\"elementor elementor-55\" data-elementor-post-type=\"page\">\n\t\t\t\t<div class=\"elementor-element elementor-element-4ab2c8f e-con-full e-flex e-con e-parent\" data-id=\"4ab2c8f\" data-element_type=\"container\" data-e-type=\"container\" data-settings=\"{&quot;background_background&quot;:&quot;classic&quot;}\">\n\t\t\t\t<\/div>\n\t\t<header class=\"elementor-element elementor-element-54b35ee e-flex e-con-boxed e-con e-parent\" data-id=\"54b35ee\" data-element_type=\"container\" data-e-type=\"container\">\n\t\t\t\t\t<div class=\"e-con-inner\">\n\t\t\t\t<div class=\"elementor-element elementor-element-2ad3ca2 elementor-widget elementor-widget-theme-post-title elementor-page-title elementor-widget-heading\" data-id=\"2ad3ca2\" data-element_type=\"widget\" data-e-type=\"widget\" data-widget_type=\"theme-post-title.default\">\n\t\t\t\t\t<h1 class=\"elementor-heading-title elementor-size-default\">Infrastructure and Services<\/h1>\t\t\t\t<\/div>\n\t\t\t\t\t<\/div>\n\t\t\t\t<\/header>\n\t\t<div class=\"elementor-element elementor-element-93211c8 e-flex e-con-boxed e-con e-parent\" data-id=\"93211c8\" data-element_type=\"container\" data-e-type=\"container\">\n\t\t\t\t\t<div class=\"e-con-inner\">\n\t\t\t\t<div class=\"elementor-element elementor-element-399d835 elementor-widget elementor-widget-text-editor\" data-id=\"399d835\" data-element_type=\"widget\" data-e-type=\"widget\" data-widget_type=\"text-editor.default\">\n\t\t\t\t\t\t\t\t\t<p>The mansion of Solar do Ros\u00e1rio boasts an expansive outdoor area with views of the Nossa Senhora do Ros\u00e1rio Church and the Itacolomi Peak. With its architecture and decoration, the hotel enhances the experience of immersing oneself in the city, while its structure and services ensure moments of leisure, relaxation, and entertainment.<\/p>\t\t\t\t\t\t\t\t<\/div>\n\t\t\t\t\t<\/div>\n\t\t\t\t<\/div>\n\t\t<div class=\"elementor-element elementor-element-5d6bb62 e-flex e-con-boxed e-con e-parent\" data-id=\"5d6bb62\" data-element_type=\"container\" data-e-type=\"container\">\n\t\t\t\t\t<div class=\"e-con-inner\">\n\t\t<div class=\"elementor-element elementor-element-8a67974 e-con-full e-flex e-con e-child\" data-id=\"8a67974\" data-element_type=\"container\" data-e-type=\"container\">\n\t\t\t\t<div class=\"elementor-element elementor-element-fa4a9c5 elementor-widget elementor-widget-text-editor\" data-id=\"fa4a9c5\" data-element_type=\"widget\" data-e-type=\"widget\" data-widget_type=\"text-editor.default\">\n\t\t\t\t\t\t\t\t\t<ul>\n<li class=\"translation-block\"><strong>Breakfast<\/strong> included in the daily rate, from 7:00 AM to 10:00 AM. One of the best experiences in the region!<\/li>\n<li class=\"translation-block\"><strong>Room service<\/strong> available from 8:00 AM to 10:00 PM, with additional charges.<\/li>\n<li class=\"translation-block\"><strong>Valet parking and outdoor parking<\/strong> (not covered), complimentary.<\/li>\n<li class=\"translation-block\"><strong>Room decoration for special celebrations. <\/strong>Decoration is an additional service and is charged separately, as it involves acquiring items that the hotel does not produce or keep in stock, such as flower petals, chocolates, and others. To facilitate this and other related requests, a minimum of three working days' notice before the check-in date is essential.<\/li>\n<li class=\"translation-block\"><strong>Heated pool with hydromassage and a natural (cold) water pool<\/strong>. Adapted bathroom available for PWD (Persons with Disabilities). Operating hours: 8:00 AM to 10:00 PM.<\/li>\n<li class=\"translation-block\"><strong>Sauna<\/strong>, an elegant steam bath with wellness benefits.<\/li>\n<li class=\"translation-block\"><strong>Solarium<\/strong>, a space to relax and admire the mountains of Ouro Preto.<\/li>\n<li><strong>Sala de conex\u00e3o (sala de conviv\u00eancia),<\/strong>&nbsp;sofisticada e elegante, para uma boa conversa, ou ler um bom livro.<\/li>\n<li class=\"translation-block\"><strong>Gymnasium<\/strong> with 11.25 m\u00b2 area, glass walls with views of the garden and mountains, fully equipped for guest use. A dedicated space for travelers who enjoy or need to stay fit while away from home. Enjoy all the benefits of our facilities during your stay. All equipment undergoes regular maintenance and checks. Equipment available: Pulley, Roman bench, treadmill, stretching grid, exercise bike, mats, bars, weights, and dumbbells. Operating hours: 6:00 AM to 10:00 PM.<\/li>\n<li class=\"translation-block\"><strong>Restaurant and bar<\/strong> open to the public.<\/li>\n<li class=\"translation-block\"><strong>Space available for small to medium-sized events.<\/strong><\/li>\n<li><strong>Day Use<\/strong>, contratado pelo h\u00f3spede (tarifado a parte e sem alimenta\u00e7\u00e3o inclusa no valor), para receber visitas. Acessar as depend\u00eancias internas do Hotel Solar do Ros\u00e1rio, \u00e9 permitido apenas para h\u00f3spedes, ou convidados com Day Use das 10h \u00e0s 17h.<\/li>\n<\/ul>\n<p><strong>OUTSOURCED SERVICES<\/strong><\/p>\n<p><strong>Lavanderia:<\/strong> O Hotel Solar do Rosa\u0301rio terceiriza o servic\u0327o de&nbsp; &nbsp; &nbsp; &nbsp; lavanderia em parceria com a Lavanderia Ecolav. As roupas s\u00e3o recolhidas por volta das 16h do dia, e entregues por volta das 16h do dia seguinte. Aos domingos a lavanderia n\u00e3o atende.<\/p>\t\t\t\t\t\t\t\t<\/div>\n\t\t\t\t<\/div>\n\t\t<div class=\"elementor-element elementor-element-1469d2c e-con-full e-flex e-con e-child\" data-id=\"1469d2c\" data-element_type=\"container\" data-e-type=\"container\">\n\t\t\t\t<div class=\"elementor-element elementor-element-6231d51 elementor-skin-slideshow elementor-widget elementor-widget-media-carousel\" data-id=\"6231d51\" data-element_type=\"widget\" data-e-type=\"widget\" data-settings=\"{&quot;skin&quot;:&quot;slideshow&quot;,&quot;slideshow_slides_per_view&quot;:&quot;4&quot;,&quot;centered_slides&quot;:&quot;yes&quot;,&quot;lazyload&quot;:&quot;yes&quot;,&quot;effect&quot;:&quot;slide&quot;,&quot;speed&quot;:500,&quot;autoplay&quot;:&quot;yes&quot;,&quot;autoplay_speed&quot;:5000,&quot;loop&quot;:&quot;yes&quot;,&quot;pause_on_hover&quot;:&quot;yes&quot;,&quot;pause_on_interaction&quot;:&quot;yes&quot;,&quot;space_between&quot;:{&quot;unit&quot;:&quot;px&quot;,&quot;size&quot;:10,&quot;sizes&quot;:[]},&quot;space_between_laptop&quot;:{&quot;unit&quot;:&quot;px&quot;,&quot;size&quot;:10,&quot;sizes&quot;:[]},&quot;space_between_tablet&quot;:{&quot;unit&quot;:&quot;px&quot;,&quot;size&quot;:10,&quot;sizes&quot;:[]},&quot;space_between_mobile&quot;:{&quot;unit&quot;:&quot;px&quot;,&quot;size&quot;:10,&quot;sizes&quot;:[]}}\" data-widget_type=\"media-carousel.default\">\n\t\t\t\t\t\t\t\t\t\t<div class=\"elementor-main-swiper swiper\" role=\"region\" aria-roledescription=\"carousel\" aria-label=\"Slides\">\n\t\t\t\t<div class=\"swiper-wrapper\">\n\t\t\t\t\t\t\t\t\t\t\t<div class=\"swiper-slide\" role=\"group\" aria-roledescription=\"slide\">\n\t\t\t\t\t\t\t<a href=\"https:\/\/hotelsolardorosario.com\/wp-content\/uploads\/2024\/11\/Hotel-Solar-do-Rosario-Cafe-da-Manha-Colonial-1.jpg\" data-elementor-open-lightbox=\"yes\" data-elementor-lightbox-slideshow=\"6231d51\" data-elementor-lightbox-title=\"Hotel Solar do Rosario - Cafe da Manha Colonial (1)\" data-e-action-hash=\"#elementor-action%3Aaction%3Dlightbox%26settings%3DeyJpZCI6Mzg4LCJ1cmwiOiJodHRwczpcL1wvaG90ZWxzb2xhcmRvcm9zYXJpby5jb21cL3dwLWNvbnRlbnRcL3VwbG9hZHNcLzIwMjRcLzExXC9Ib3RlbC1Tb2xhci1kby1Sb3NhcmlvLUNhZmUtZGEtTWFuaGEtQ29sb25pYWwtMS5qcGciLCJzbGlkZXNob3ciOiI2MjMxZDUxIn0%3D\">\t\t<div class=\"elementor-carousel-image swiper-lazy\" role=\"img\" aria-label=\"Hotel Solar do Rosario - Cafe da Manha Colonial (1)\" data-background=\"https:\/\/hotelsolardorosario.com\/wp-content\/uploads\/2024\/11\/Hotel-Solar-do-Rosario-Cafe-da-Manha-Colonial-1.jpg\">\n\n\t\t\t\t\t\t\t<div class=\"swiper-lazy-preloader\"><\/div>\n\t\t\t\n\t\t\t\t\t<\/div>\n\t\t<\/a>\t\t\t\t\t\t<\/div>\n\t\t\t\t\t\t\t\t\t\t\t<div class=\"swiper-slide\" role=\"group\" aria-roledescription=\"slide\">\n\t\t\t\t\t\t\t<a href=\"https:\/\/hotelsolardorosario.com\/wp-content\/uploads\/2024\/11\/Hotel-Solar-do-Rosario-Cafe-da-Manha-Colonial-4.jpg\" data-elementor-open-lightbox=\"yes\" data-elementor-lightbox-slideshow=\"6231d51\" data-elementor-lightbox-title=\"Hotel Solar do Rosario - Cafe da Manha Colonial (4)\" data-e-action-hash=\"#elementor-action%3Aaction%3Dlightbox%26settings%3DeyJpZCI6MzkxLCJ1cmwiOiJodHRwczpcL1wvaG90ZWxzb2xhcmRvcm9zYXJpby5jb21cL3dwLWNvbnRlbnRcL3VwbG9hZHNcLzIwMjRcLzExXC9Ib3RlbC1Tb2xhci1kby1Sb3NhcmlvLUNhZmUtZGEtTWFuaGEtQ29sb25pYWwtNC5qcGciLCJzbGlkZXNob3ciOiI2MjMxZDUxIn0%3D\">\t\t<div class=\"elementor-carousel-image swiper-lazy\" role=\"img\" aria-label=\"Hotel Solar do Rosario - Cafe da Manha Colonial (4)\" data-background=\"https:\/\/hotelsolardorosario.com\/wp-content\/uploads\/2024\/11\/Hotel-Solar-do-Rosario-Cafe-da-Manha-Colonial-4.jpg\">\n\n\t\t\t\t\t\t\t<div class=\"swiper-lazy-preloader\"><\/div>\n\t\t\t\n\t\t\t\t\t<\/div>\n\t\t<\/a>\t\t\t\t\t\t<\/div>\n\t\t\t\t\t\t\t\t\t\t\t<div class=\"swiper-slide\" role=\"group\" aria-roledescription=\"slide\">\n\t\t\t\t\t\t\t<a href=\"https:\/\/hotelsolardorosario.com\/wp-content\/uploads\/2024\/11\/Hotel-Solar-do-Rosario-Piscina-quente-dia-2.jpg\" data-elementor-open-lightbox=\"yes\" data-elementor-lightbox-slideshow=\"6231d51\" data-elementor-lightbox-title=\"Hotel Solar do Rosario - Piscina quente dia (2)\" data-e-action-hash=\"#elementor-action%3Aaction%3Dlightbox%26settings%3DeyJpZCI6MzY5LCJ1cmwiOiJodHRwczpcL1wvaG90ZWxzb2xhcmRvcm9zYXJpby5jb21cL3dwLWNvbnRlbnRcL3VwbG9hZHNcLzIwMjRcLzExXC9Ib3RlbC1Tb2xhci1kby1Sb3NhcmlvLVBpc2NpbmEtcXVlbnRlLWRpYS0yLmpwZyIsInNsaWRlc2hvdyI6IjYyMzFkNTEifQ%3D%3D\">\t\t<div class=\"elementor-carousel-image swiper-lazy\" role=\"img\" aria-label=\"Hotel Solar do Rosario - Piscina quente dia (2)\" data-background=\"https:\/\/hotelsolardorosario.com\/wp-content\/uploads\/2024\/11\/Hotel-Solar-do-Rosario-Piscina-quente-dia-2.jpg\">\n\n\t\t\t\t\t\t\t<div class=\"swiper-lazy-preloader\"><\/div>\n\t\t\t\n\t\t\t\t\t<\/div>\n\t\t<\/a>\t\t\t\t\t\t<\/div>\n\t\t\t\t\t\t\t\t\t\t\t<div class=\"swiper-slide\" role=\"group\" aria-roledescription=\"slide\">\n\t\t\t\t\t\t\t<a href=\"https:\/\/hotelsolardorosario.com\/wp-content\/uploads\/2024\/11\/Hotel-Solar-do-Rosario-Spa-4.jpg\" data-elementor-open-lightbox=\"yes\" data-elementor-lightbox-slideshow=\"6231d51\" data-elementor-lightbox-title=\"Hotel Solar do Rosario - Spa (4)\" data-e-action-hash=\"#elementor-action%3Aaction%3Dlightbox%26settings%3DeyJpZCI6NDA3LCJ1cmwiOiJodHRwczpcL1wvaG90ZWxzb2xhcmRvcm9zYXJpby5jb21cL3dwLWNvbnRlbnRcL3VwbG9hZHNcLzIwMjRcLzExXC9Ib3RlbC1Tb2xhci1kby1Sb3NhcmlvLVNwYS00LmpwZyIsInNsaWRlc2hvdyI6IjYyMzFkNTEifQ%3D%3D\">\t\t<div class=\"elementor-carousel-image swiper-lazy\" role=\"img\" aria-label=\"Hotel Solar do Rosario - Spa (4)\" data-background=\"https:\/\/hotelsolardorosario.com\/wp-content\/uploads\/2024\/11\/Hotel-Solar-do-Rosario-Spa-4.jpg\">\n\n\t\t\t\t\t\t\t<div class=\"swiper-lazy-preloader\"><\/div>\n\t\t\t\n\t\t\t\t\t<\/div>\n\t\t<\/a>\t\t\t\t\t\t<\/div>\n\t\t\t\t\t\t\t\t\t\t\t<div class=\"swiper-slide\" role=\"group\" aria-roledescription=\"slide\">\n\t\t\t\t\t\t\t<a href=\"https:\/\/hotelsolardorosario.com\/wp-content\/uploads\/2024\/11\/Hotel-Solar-do-Rosario-Piscina-fria-2.jpg\" data-elementor-open-lightbox=\"yes\" data-elementor-lightbox-slideshow=\"6231d51\" data-elementor-lightbox-title=\"Hotel Solar do Rosario - Piscina fria (2)\" data-e-action-hash=\"#elementor-action%3Aaction%3Dlightbox%26settings%3DeyJpZCI6MzY1LCJ1cmwiOiJodHRwczpcL1wvaG90ZWxzb2xhcmRvcm9zYXJpby5jb21cL3dwLWNvbnRlbnRcL3VwbG9hZHNcLzIwMjRcLzExXC9Ib3RlbC1Tb2xhci1kby1Sb3NhcmlvLVBpc2NpbmEtZnJpYS0yLmpwZyIsInNsaWRlc2hvdyI6IjYyMzFkNTEifQ%3D%3D\">\t\t<div class=\"elementor-carousel-image swiper-lazy\" role=\"img\" aria-label=\"Hotel Solar do Rosario - Piscina fria (2)\" data-background=\"https:\/\/hotelsolardorosario.com\/wp-content\/uploads\/2024\/11\/Hotel-Solar-do-Rosario-Piscina-fria-2.jpg\">\n\n\t\t\t\t\t\t\t<div class=\"swiper-lazy-preloader\"><\/div>\n\t\t\t\n\t\t\t\t\t<\/div>\n\t\t<\/a>\t\t\t\t\t\t<\/div>\n\t\t\t\t\t\t\t\t\t\t\t<div class=\"swiper-slide\" role=\"group\" aria-roledescription=\"slide\">\n\t\t\t\t\t\t\t<a href=\"https:\/\/hotelsolardorosario.com\/wp-content\/uploads\/2024\/11\/Hotel-Solar-do-Rosario-Piscina-fria-4.jpg\" data-elementor-open-lightbox=\"yes\" data-elementor-lightbox-slideshow=\"6231d51\" data-elementor-lightbox-title=\"Hotel Solar do Rosario - Piscina fria (4)\" data-e-action-hash=\"#elementor-action%3Aaction%3Dlightbox%26settings%3DeyJpZCI6MzY3LCJ1cmwiOiJodHRwczpcL1wvaG90ZWxzb2xhcmRvcm9zYXJpby5jb21cL3dwLWNvbnRlbnRcL3VwbG9hZHNcLzIwMjRcLzExXC9Ib3RlbC1Tb2xhci1kby1Sb3NhcmlvLVBpc2NpbmEtZnJpYS00LmpwZyIsInNsaWRlc2hvdyI6IjYyMzFkNTEifQ%3D%3D\">\t\t<div class=\"elementor-carousel-image swiper-lazy\" role=\"img\" aria-label=\"Hotel Solar do Rosario - Piscina fria (4)\" data-background=\"https:\/\/hotelsolardorosario.com\/wp-content\/uploads\/2024\/11\/Hotel-Solar-do-Rosario-Piscina-fria-4.jpg\">\n\n\t\t\t\t\t\t\t<div class=\"swiper-lazy-preloader\"><\/div>\n\t\t\t\n\t\t\t\t\t<\/div>\n\t\t<\/a>\t\t\t\t\t\t<\/div>\n\t\t\t\t\t\t\t\t\t\t\t<div class=\"swiper-slide\" role=\"group\" aria-roledescription=\"slide\">\n\t\t\t\t\t\t\t<a href=\"https:\/\/hotelsolardorosario.com\/wp-content\/uploads\/2024\/11\/Hotel-Solar-do-Rosario-Sauna-3.jpg\" data-elementor-open-lightbox=\"yes\" data-elementor-lightbox-slideshow=\"6231d51\" data-elementor-lightbox-title=\"Hotel Solar do Rosario - Sauna (3)\" data-e-action-hash=\"#elementor-action%3Aaction%3Dlightbox%26settings%3DeyJpZCI6NDAwLCJ1cmwiOiJodHRwczpcL1wvaG90ZWxzb2xhcmRvcm9zYXJpby5jb21cL3dwLWNvbnRlbnRcL3VwbG9hZHNcLzIwMjRcLzExXC9Ib3RlbC1Tb2xhci1kby1Sb3NhcmlvLVNhdW5hLTMuanBnIiwic2xpZGVzaG93IjoiNjIzMWQ1MSJ9\">\t\t<div class=\"elementor-carousel-image swiper-lazy\" role=\"img\" aria-label=\"Hotel Solar do Rosario - Sauna (3)\" data-background=\"https:\/\/hotelsolardorosario.com\/wp-content\/uploads\/2024\/11\/Hotel-Solar-do-Rosario-Sauna-3.jpg\">\n\n\t\t\t\t\t\t\t<div class=\"swiper-lazy-preloader\"><\/div>\n\t\t\t\n\t\t\t\t\t<\/div>\n\t\t<\/a>\t\t\t\t\t\t<\/div>\n\t\t\t\t\t\t\t\t\t\t\t<div class=\"swiper-slide\" role=\"group\" aria-roledescription=\"slide\">\n\t\t\t\t\t\t\t<a href=\"https:\/\/hotelsolardorosario.com\/wp-content\/uploads\/2024\/11\/Hotel-Solar-do-Rosario-Solarium-1.jpg\" data-elementor-open-lightbox=\"yes\" data-elementor-lightbox-slideshow=\"6231d51\" data-elementor-lightbox-title=\"Hotel Solar do Rosario - Solarium (1)\" data-e-action-hash=\"#elementor-action%3Aaction%3Dlightbox%26settings%3DeyJpZCI6NDAxLCJ1cmwiOiJodHRwczpcL1wvaG90ZWxzb2xhcmRvcm9zYXJpby5jb21cL3dwLWNvbnRlbnRcL3VwbG9hZHNcLzIwMjRcLzExXC9Ib3RlbC1Tb2xhci1kby1Sb3NhcmlvLVNvbGFyaXVtLTEuanBnIiwic2xpZGVzaG93IjoiNjIzMWQ1MSJ9\">\t\t<div class=\"elementor-carousel-image swiper-lazy\" role=\"img\" aria-label=\"Hotel Solar do Rosario - Solarium (1)\" data-background=\"https:\/\/hotelsolardorosario.com\/wp-content\/uploads\/2024\/11\/Hotel-Solar-do-Rosario-Solarium-1.jpg\">\n\n\t\t\t\t\t\t\t<div class=\"swiper-lazy-preloader\"><\/div>\n\t\t\t\n\t\t\t\t\t<\/div>\n\t\t<\/a>\t\t\t\t\t\t<\/div>\n\t\t\t\t\t\t\t\t\t\t\t<div class=\"swiper-slide\" role=\"group\" aria-roledescription=\"slide\">\n\t\t\t\t\t\t\t<a href=\"https:\/\/hotelsolardorosario.com\/wp-content\/uploads\/2024\/11\/Restaurante-Olga-Nur-1.jpg\" data-elementor-open-lightbox=\"yes\" data-elementor-lightbox-slideshow=\"6231d51\" data-elementor-lightbox-title=\"Restaurante Olga Nur (1)\" data-e-action-hash=\"#elementor-action%3Aaction%3Dlightbox%26settings%3DeyJpZCI6Mzc4LCJ1cmwiOiJodHRwczpcL1wvaG90ZWxzb2xhcmRvcm9zYXJpby5jb21cL3dwLWNvbnRlbnRcL3VwbG9hZHNcLzIwMjRcLzExXC9SZXN0YXVyYW50ZS1PbGdhLU51ci0xLmpwZyIsInNsaWRlc2hvdyI6IjYyMzFkNTEifQ%3D%3D\">\t\t<div class=\"elementor-carousel-image swiper-lazy\" role=\"img\" aria-label=\"Restaurante Olga Nur (1)\" data-background=\"https:\/\/hotelsolardorosario.com\/wp-content\/uploads\/2024\/11\/Restaurante-Olga-Nur-1.jpg\">\n\n\t\t\t\t\t\t\t<div class=\"swiper-lazy-preloader\"><\/div>\n\t\t\t\n\t\t\t\t\t<\/div>\n\t\t<\/a>\t\t\t\t\t\t<\/div>\n\t\t\t\t\t\t\t\t\t\t\t<div class=\"swiper-slide\" role=\"group\" aria-roledescription=\"slide\">\n\t\t\t\t\t\t\t<a href=\"https:\/\/hotelsolardorosario.com\/wp-content\/uploads\/2024\/11\/Hotel-Solar-do-Rosario-Bar-Angu-4.jpg\" data-elementor-open-lightbox=\"yes\" data-elementor-lightbox-slideshow=\"6231d51\" data-elementor-lightbox-title=\"Hotel Solar do Rosario - Bar Angu (4)\" data-e-action-hash=\"#elementor-action%3Aaction%3Dlightbox%26settings%3DeyJpZCI6Mjk4LCJ1cmwiOiJodHRwczpcL1wvaG90ZWxzb2xhcmRvcm9zYXJpby5jb21cL3dwLWNvbnRlbnRcL3VwbG9hZHNcLzIwMjRcLzExXC9Ib3RlbC1Tb2xhci1kby1Sb3NhcmlvLUJhci1Bbmd1LTQuanBnIiwic2xpZGVzaG93IjoiNjIzMWQ1MSJ9\">\t\t<div class=\"elementor-carousel-image swiper-lazy\" role=\"img\" aria-label=\"Hotel Solar do Rosario - Bar Angu (4)\" data-background=\"https:\/\/hotelsolardorosario.com\/wp-content\/uploads\/2024\/11\/Hotel-Solar-do-Rosario-Bar-Angu-4.jpg\">\n\n\t\t\t\t\t\t\t<div class=\"swiper-lazy-preloader\"><\/div>\n\t\t\t\n\t\t\t\t\t<\/div>\n\t\t<\/a>\t\t\t\t\t\t<\/div>\n\t\t\t\t\t\t\t\t\t\t\t<div class=\"swiper-slide\" role=\"group\" aria-roledescription=\"slide\">\n\t\t\t\t\t\t\t<a href=\"https:\/\/hotelsolardorosario.com\/wp-content\/uploads\/2024\/11\/Hotel-Solar-do-Rosario-Sala-Conexao-5.jpg\" data-elementor-open-lightbox=\"yes\" data-elementor-lightbox-slideshow=\"6231d51\" data-elementor-lightbox-title=\"Hotel Solar do Rosario - Sala Conexao (5)\" data-e-action-hash=\"#elementor-action%3Aaction%3Dlightbox%26settings%3DeyJpZCI6Mzk3LCJ1cmwiOiJodHRwczpcL1wvaG90ZWxzb2xhcmRvcm9zYXJpby5jb21cL3dwLWNvbnRlbnRcL3VwbG9hZHNcLzIwMjRcLzExXC9Ib3RlbC1Tb2xhci1kby1Sb3NhcmlvLVNhbGEtQ29uZXhhby01LmpwZyIsInNsaWRlc2hvdyI6IjYyMzFkNTEifQ%3D%3D\">\t\t<div class=\"elementor-carousel-image swiper-lazy\" role=\"img\" aria-label=\"Hotel Solar do Rosario - Sala Conexao (5)\" data-background=\"https:\/\/hotelsolardorosario.com\/wp-content\/uploads\/2024\/11\/Hotel-Solar-do-Rosario-Sala-Conexao-5.jpg\">\n\n\t\t\t\t\t\t\t<div class=\"swiper-lazy-preloader\"><\/div>\n\t\t\t\n\t\t\t\t\t<\/div>\n\t\t<\/a>\t\t\t\t\t\t<\/div>\n\t\t\t\t\t\t\t\t\t\t\t<div class=\"swiper-slide\" role=\"group\" aria-roledescription=\"slide\">\n\t\t\t\t\t\t\t<a href=\"https:\/\/hotelsolardorosario.com\/wp-content\/uploads\/2024\/11\/Hotel-Solar-do-Rosario-Academia-2.jpg\" data-elementor-open-lightbox=\"yes\" data-elementor-lightbox-slideshow=\"6231d51\" data-elementor-lightbox-title=\"Hotel Solar do Rosario - Academia (2)\" data-e-action-hash=\"#elementor-action%3Aaction%3Dlightbox%26settings%3DeyJpZCI6MjkyLCJ1cmwiOiJodHRwczpcL1wvaG90ZWxzb2xhcmRvcm9zYXJpby5jb21cL3dwLWNvbnRlbnRcL3VwbG9hZHNcLzIwMjRcLzExXC9Ib3RlbC1Tb2xhci1kby1Sb3NhcmlvLUFjYWRlbWlhLTIuanBnIiwic2xpZGVzaG93IjoiNjIzMWQ1MSJ9\">\t\t<div class=\"elementor-carousel-image swiper-lazy\" role=\"img\" aria-label=\"Hotel Solar do Rosario - Academia (2)\" data-background=\"https:\/\/hotelsolardorosario.com\/wp-content\/uploads\/2024\/11\/Hotel-Solar-do-Rosario-Academia-2.jpg\">\n\n\t\t\t\t\t\t\t<div class=\"swiper-lazy-preloader\"><\/div>\n\t\t\t\n\t\t\t\t\t<\/div>\n\t\t<\/a>\t\t\t\t\t\t<\/div>\n\t\t\t\t\t\t\t\t\t<\/div>\n\t\t\t\t\t\t\t\t\t\t\t\t\t\t\t\t\t\t\t\t\t<\/div>\n\t\t\t\t\t\t\t\t\t<div class=\"elementor-main-swiper swiper elementor-thumbnails-swiper swiper\" role=\"region region\" aria-roledescription=\"carousel carousel\" aria-label=\"Slides Slides\">\n\t\t\t\t<div class=\"swiper-wrapper\">\n\t\t\t\t\t\t\t\t\t\t\t<div class=\"swiper-slide\" role=\"group\" aria-roledescription=\"slide\">\n\t\t\t\t\t\t\t\t\t<div class=\"elementor-carousel-image swiper-lazy\" role=\"img\" aria-label=\"Hotel Solar do Rosario - Cafe da Manha Colonial (1)\" data-background=\"https:\/\/hotelsolardorosario.com\/wp-content\/uploads\/2024\/11\/Hotel-Solar-do-Rosario-Cafe-da-Manha-Colonial-1.jpg\">\n\n\t\t\t\t\t\t\t<div class=\"swiper-lazy-preloader\"><\/div>\n\t\t\t\n\t\t\t\t\t<\/div>\n\t\t<\/a>\t\t\t\t\t\t<\/div>\n\t\t\t\t\t\t\t\t\t\t\t<div class=\"swiper-slide\" role=\"group\" aria-roledescription=\"slide\">\n\t\t\t\t\t\t\t\t\t<div class=\"elementor-carousel-image swiper-lazy\" role=\"img\" aria-label=\"Hotel Solar do Rosario - Cafe da Manha Colonial (4)\" data-background=\"https:\/\/hotelsolardorosario.com\/wp-content\/uploads\/2024\/11\/Hotel-Solar-do-Rosario-Cafe-da-Manha-Colonial-4.jpg\">\n\n\t\t\t\t\t\t\t<div class=\"swiper-lazy-preloader\"><\/div>\n\t\t\t\n\t\t\t\t\t<\/div>\n\t\t<\/a>\t\t\t\t\t\t<\/div>\n\t\t\t\t\t\t\t\t\t\t\t<div class=\"swiper-slide\" role=\"group\" aria-roledescription=\"slide\">\n\t\t\t\t\t\t\t\t\t<div class=\"elementor-carousel-image swiper-lazy\" role=\"img\" aria-label=\"Hotel Solar do Rosario - Piscina quente dia (2)\" data-background=\"https:\/\/hotelsolardorosario.com\/wp-content\/uploads\/2024\/11\/Hotel-Solar-do-Rosario-Piscina-quente-dia-2.jpg\">\n\n\t\t\t\t\t\t\t<div class=\"swiper-lazy-preloader\"><\/div>\n\t\t\t\n\t\t\t\t\t<\/div>\n\t\t<\/a>\t\t\t\t\t\t<\/div>\n\t\t\t\t\t\t\t\t\t\t\t<div class=\"swiper-slide\" role=\"group\" aria-roledescription=\"slide\">\n\t\t\t\t\t\t\t\t\t<div class=\"elementor-carousel-image swiper-lazy\" role=\"img\" aria-label=\"Hotel Solar do Rosario - Spa (4)\" data-background=\"https:\/\/hotelsolardorosario.com\/wp-content\/uploads\/2024\/11\/Hotel-Solar-do-Rosario-Spa-4.jpg\">\n\n\t\t\t\t\t\t\t<div class=\"swiper-lazy-preloader\"><\/div>\n\t\t\t\n\t\t\t\t\t<\/div>\n\t\t<\/a>\t\t\t\t\t\t<\/div>\n\t\t\t\t\t\t\t\t\t\t\t<div class=\"swiper-slide\" role=\"group\" aria-roledescription=\"slide\">\n\t\t\t\t\t\t\t\t\t<div class=\"elementor-carousel-image swiper-lazy\" role=\"img\" aria-label=\"Hotel Solar do Rosario - Piscina fria (2)\" data-background=\"https:\/\/hotelsolardorosario.com\/wp-content\/uploads\/2024\/11\/Hotel-Solar-do-Rosario-Piscina-fria-2.jpg\">\n\n\t\t\t\t\t\t\t<div class=\"swiper-lazy-preloader\"><\/div>\n\t\t\t\n\t\t\t\t\t<\/div>\n\t\t<\/a>\t\t\t\t\t\t<\/div>\n\t\t\t\t\t\t\t\t\t\t\t<div class=\"swiper-slide\" role=\"group\" aria-roledescription=\"slide\">\n\t\t\t\t\t\t\t\t\t<div class=\"elementor-carousel-image swiper-lazy\" role=\"img\" aria-label=\"Hotel Solar do Rosario - Piscina fria (4)\" data-background=\"https:\/\/hotelsolardorosario.com\/wp-content\/uploads\/2024\/11\/Hotel-Solar-do-Rosario-Piscina-fria-4.jpg\">\n\n\t\t\t\t\t\t\t<div class=\"swiper-lazy-preloader\"><\/div>\n\t\t\t\n\t\t\t\t\t<\/div>\n\t\t<\/a>\t\t\t\t\t\t<\/div>\n\t\t\t\t\t\t\t\t\t\t\t<div class=\"swiper-slide\" role=\"group\" aria-roledescription=\"slide\">\n\t\t\t\t\t\t\t\t\t<div class=\"elementor-carousel-image swiper-lazy\" role=\"img\" aria-label=\"Hotel Solar do Rosario - Sauna (3)\" data-background=\"https:\/\/hotelsolardorosario.com\/wp-content\/uploads\/2024\/11\/Hotel-Solar-do-Rosario-Sauna-3.jpg\">\n\n\t\t\t\t\t\t\t<div class=\"swiper-lazy-preloader\"><\/div>\n\t\t\t\n\t\t\t\t\t<\/div>\n\t\t<\/a>\t\t\t\t\t\t<\/div>\n\t\t\t\t\t\t\t\t\t\t\t<div class=\"swiper-slide\" role=\"group\" aria-roledescription=\"slide\">\n\t\t\t\t\t\t\t\t\t<div class=\"elementor-carousel-image swiper-lazy\" role=\"img\" aria-label=\"Hotel Solar do Rosario - Solarium (1)\" data-background=\"https:\/\/hotelsolardorosario.com\/wp-content\/uploads\/2024\/11\/Hotel-Solar-do-Rosario-Solarium-1.jpg\">\n\n\t\t\t\t\t\t\t<div class=\"swiper-lazy-preloader\"><\/div>\n\t\t\t\n\t\t\t\t\t<\/div>\n\t\t<\/a>\t\t\t\t\t\t<\/div>\n\t\t\t\t\t\t\t\t\t\t\t<div class=\"swiper-slide\" role=\"group\" aria-roledescription=\"slide\">\n\t\t\t\t\t\t\t\t\t<div class=\"elementor-carousel-image swiper-lazy\" role=\"img\" aria-label=\"Restaurante Olga Nur (1)\" data-background=\"https:\/\/hotelsolardorosario.com\/wp-content\/uploads\/2024\/11\/Restaurante-Olga-Nur-1.jpg\">\n\n\t\t\t\t\t\t\t<div class=\"swiper-lazy-preloader\"><\/div>\n\t\t\t\n\t\t\t\t\t<\/div>\n\t\t<\/a>\t\t\t\t\t\t<\/div>\n\t\t\t\t\t\t\t\t\t\t\t<div class=\"swiper-slide\" role=\"group\" aria-roledescription=\"slide\">\n\t\t\t\t\t\t\t\t\t<div class=\"elementor-carousel-image swiper-lazy\" role=\"img\" aria-label=\"Hotel Solar do Rosario - Bar Angu (4)\" data-background=\"https:\/\/hotelsolardorosario.com\/wp-content\/uploads\/2024\/11\/Hotel-Solar-do-Rosario-Bar-Angu-4.jpg\">\n\n\t\t\t\t\t\t\t<div class=\"swiper-lazy-preloader\"><\/div>\n\t\t\t\n\t\t\t\t\t<\/div>\n\t\t<\/a>\t\t\t\t\t\t<\/div>\n\t\t\t\t\t\t\t\t\t\t\t<div class=\"swiper-slide\" role=\"group\" aria-roledescription=\"slide\">\n\t\t\t\t\t\t\t\t\t<div class=\"elementor-carousel-image swiper-lazy\" role=\"img\" aria-label=\"Hotel Solar do Rosario - Sala Conexao (5)\" data-background=\"https:\/\/hotelsolardorosario.com\/wp-content\/uploads\/2024\/11\/Hotel-Solar-do-Rosario-Sala-Conexao-5.jpg\">\n\n\t\t\t\t\t\t\t<div class=\"swiper-lazy-preloader\"><\/div>\n\t\t\t\n\t\t\t\t\t<\/div>\n\t\t<\/a>\t\t\t\t\t\t<\/div>\n\t\t\t\t\t\t\t\t\t\t\t<div class=\"swiper-slide\" role=\"group\" aria-roledescription=\"slide\">\n\t\t\t\t\t\t\t\t\t<div class=\"elementor-carousel-image swiper-lazy\" role=\"img\" aria-label=\"Hotel Solar do Rosario - Academia (2)\" data-background=\"https:\/\/hotelsolardorosario.com\/wp-content\/uploads\/2024\/11\/Hotel-Solar-do-Rosario-Academia-2.jpg\">\n\n\t\t\t\t\t\t\t<div class=\"swiper-lazy-preloader\"><\/div>\n\t\t\t\n\t\t\t\t\t<\/div>\n\t\t<\/a>\t\t\t\t\t\t<\/div>\n\t\t\t\t\t\t\t\t\t<\/div>\n\t\t\t\t\t\t\t\t\t\t\t\t\t\t\t\t\t\t\t\t\t<\/div>\n\t\t\t\t\t\t\t\t<\/div>\n\t\t\t\t<\/div>\n\t\t\t\t\t<\/div>\n\t\t\t\t<\/div>\n\t\t\t\t<\/div>","protected":false},"excerpt":{"rendered":"<p>O casara\u0303o do Solar do Rosa\u0301rio possui uma extensa a\u0301rea externa com vista para a Igreja Nossa Senhora do Rosa\u0301rio e para o Pico do Itacolomi. Com sua arquitetura e decorac\u0327a\u0303o, o hotel amplia a experie\u0302ncia de vivenciar a cidade, enquanto sua estrutura e seus servic\u0327os garantem momentos de lazer, relaxamento e entretenimento. Cafe\u0301 da [&hellip;]<\/p>\n","protected":false},"author":1,"featured_media":674,"parent":0,"menu_order":0,"comment_status":"closed","ping_status":"closed","template":"elementor_header_footer","meta":{"footnotes":""},"class_list":["post-55","page","type-page","status-publish","has-post-thumbnail","hentry"],"_links":{"self":[{"href":"https:\/\/hotelsolardorosario.com\/en\/wp-json\/wp\/v2\/pages\/55","targetHints":{"allow":["GET"]}}],"collection":[{"href":"https:\/\/hotelsolardorosario.com\/en\/wp-json\/wp\/v2\/pages"}],"about":[{"href":"https:\/\/hotelsolardorosario.com\/en\/wp-json\/wp\/v2\/types\/page"}],"author":[{"embeddable":true,"href":"https:\/\/hotelsolardorosario.com\/en\/wp-json\/wp\/v2\/users\/1"}],"replies":[{"embeddable":true,"href":"https:\/\/hotelsolardorosario.com\/en\/wp-json\/wp\/v2\/comments?post=55"}],"version-history":[{"count":3,"href":"https:\/\/hotelsolardorosario.com\/en\/wp-json\/wp\/v2\/pages\/55\/revisions"}],"predecessor-version":[{"id":1398,"href":"https:\/\/hotelsolardorosario.com\/en\/wp-json\/wp\/v2\/pages\/55\/revisions\/1398"}],"wp:featuredmedia":[{"embeddable":true,"href":"https:\/\/hotelsolardorosario.com\/en\/wp-json\/wp\/v2\/media\/674"}],"wp:attachment":[{"href":"https:\/\/hotelsolardorosario.com\/en\/wp-json\/wp\/v2\/media?parent=55"}],"curies":[{"name":"wp","href":"https:\/\/api.w.org\/{rel}","templated":true}]}}