{"id":3,"date":"2024-11-18T17:20:17","date_gmt":"2024-11-18T17:20:17","guid":{"rendered":"http:\/\/hotelsolardorosario.local\/?page_id=3"},"modified":"2024-12-30T15:25:12","modified_gmt":"2024-12-30T18:25:12","slug":"politica-de-privacidade","status":"publish","type":"page","link":"https:\/\/hotelsolardorosario.com\/en\/politica-de-privacidade\/","title":{"rendered":"PRIVACY AND PERSONAL DATA PROTECTION POLICY"},"content":{"rendered":"<p><em><strong>\u00daltima atualiza\u00e7\u00e3o em: 28\/12\/2024<\/strong><\/em><\/p>\n<p>Esta Pol\u00edtica de Privacidade demonstra o compromisso do Casar\u00e3o Do Ros\u00e1rio Administra\u00e7\u00e3o Hoteleira Ltda., de denomina\u00e7\u00e3o fantasia &#8220;HOTEL SOLAR DO ROS\u00c1RIO&#8221;, pessoa jur\u00eddica de direito privado, inscrita no CNPJ sob o n. 26.680.856\/0001-49, sediada na Rua Get\u00falio Vargas, n. 260, Bairro do Ros\u00e1rio, em Ouro Preto\/MG, CEP 35.400-000, com a prote\u00e7\u00e3o dos dados pessoais, descrevendo os tratamentos de dados pessoais de acordo com as leis em vigor, em especial com a <a href=\"https:\/\/www.planalto.gov.br\/ccivil_03\/_ato2015-2018\/2018\/lei\/l13709.htm\" target=\"_blank\" rel=\"noopener\">Lei n. 13.709\/2018, Lei Geral de Prote\u00e7\u00e3o de Dados Pessoais (LGPD)<\/a>, e resolu\u00e7\u00f5es publicadas pela Autoridade Nacional de Prote\u00e7\u00e3o de Dados (ANPD) aplic\u00e1veis e suas posteriores altera\u00e7\u00f5es.<\/p>\n<p>O HOTEL SOLAR DO ROS\u00c1RIO poder\u00e1 alterar esta Pol\u00edtica de Privacidade a qualquer momento, cabendo ao titular verific\u00e1-la sempre que visitar o website.<\/p>\n<p><strong>1. TERMOS E DEFINI\u00c7\u00d5ES<\/strong><\/p>\n<p>Para uma melhor compreens\u00e3o desta Pol\u00edtica, devemos considerar as descri\u00e7\u00f5es das defini\u00e7\u00f5es conforme o detalhamento a seguir:<\/p>\n<p>a) <strong>Anonimiza\u00e7\u00e3o<\/strong> \u2013 utiliza\u00e7\u00e3o de meios t\u00e9cnicos razo\u00e1veis e dispon\u00edveis no momento do tratamento, por meio dos quais um dado perde a possibilidade de associa\u00e7\u00e3o, direta ou indireta, a um indiv\u00edduo;<\/p>\n<p>b) <strong>Autoridade Nacional de Prote\u00e7\u00e3o de Dados (ANPD)<\/strong> \u2013 \u00f3rg\u00e3o da administra\u00e7\u00e3o p\u00fablica respons\u00e1vel por zelar, implementar e fiscalizar o cumprimento da LGPD em todo o territ\u00f3rio nacional;<\/p>\n<p>c) <strong>Banco de Dados<\/strong> \u2013 conjunto estruturado de dados pessoais, estabelecido em um ou em v\u00e1rios locais, em suporte eletr\u00f4nico ou f\u00edsico;<\/p>\n<p>d) <strong>Bloqueio<\/strong> \u2013 suspens\u00e3o tempor\u00e1ria de qualquer opera\u00e7\u00e3o de tratamento, mediante guarda do dado pessoal ou do banco de dados;<\/p>\n<p>e) <strong>Clientes<\/strong> \u2013 pessoas jur\u00eddicas e f\u00edsicas que adquirem os produtos e servi\u00e7os do HOTEL SOLAR DO ROS\u00c1RIO;<\/p>\n<p>f) <strong>Consumidores<\/strong> \u2013 pessoas jur\u00eddicas e f\u00edsicas que adquirem os produtos e servi\u00e7os do HOTEL SOLAR DO ROS\u00c1RIO;<\/p>\n<p>g) <strong>Colaboradores<\/strong> \u2013 pessoas contratadas para integrar o quadro de funcion\u00e1rios do HOTEL SOLAR DO ROS\u00c1RIO;<\/p>\n<p>h) <strong>Consentimento<\/strong> \u2013 manifesta\u00e7\u00e3o livre, informada e inequ\u00edvoca pela qual o titular concorda com o tratamento de seus dados pessoais para uma finalidade determinada;<\/p>\n<p>i) <strong>Controlador<\/strong> \u2013 pessoa natural ou jur\u00eddica, de direito p\u00fablico ou privado, a quem competem as decis\u00f5es referentes ao tratamento de dados pessoais;<\/p>\n<p>j) <strong>Cookies<\/strong> \u2013 S\u00e3o dados obtidos de arquivos de Internet que armazenam temporariamente o que o Cliente est\u00e1 visitando na rede, podendo ser obtidos pelo Site do HOTEL SOLAR DO ROS\u00c1RIO e que permitem que o HOTEL SOLAR DO ROS\u00c1RIO rastreie as se\u00e7\u00f5es visitadas, a periodicidade e dura\u00e7\u00e3o das visitas, e bem como fornecem logins autom\u00e1ticos, recursos de personaliza\u00e7\u00e3o, por exemplo;<\/p>\n<p>k) <strong>Dado Pessoal<\/strong> \u2013 informa\u00e7\u00e3o relacionada a pessoa natural identificada ou identific\u00e1vel;<\/p>\n<p>l) <strong>Dado Pessoal Sens\u00edvel<\/strong> \u2013 dado pessoal sobre origem racial ou \u00e9tnica, convic\u00e7\u00e3o religiosa, opini\u00e3o pol\u00edtica, filia\u00e7\u00e3o a sindicato ou a organiza\u00e7\u00e3o de car\u00e1ter religioso, filos\u00f3fico ou pol\u00edtico, dado referente \u00e0 sa\u00fade ou \u00e0 vida sexual, dado gen\u00e9tico ou biom\u00e9trico, quando vinculado a uma pessoa natural;<\/p>\n<p>m) <strong>Elimina\u00e7\u00e3o<\/strong> \u2013 exclus\u00e3o de dado pessoal ou de conjunto de dados pessoais armazenados em banco de dados, independentemente do procedimento empregado;<\/p>\n<p>n) <strong>Finalidade<\/strong> \u2013 motivo pelo qual \u00e9 feito o tratamento do dado pessoal do titular;<\/p>\n<p>o) <strong>Incidente de Privacidade<\/strong> \u2013 quaisquer situa\u00e7\u00f5es acidentais ou il\u00edcitas que resultem na destrui\u00e7\u00e3o, perda, altera\u00e7\u00e3o, acesso indevido, tratamento il\u00edcito ou inadequado de Dados Pessoais;<\/p>\n<p>p) <strong>IP<\/strong> \u2013 Internet Protocol, ou protocolo de internet capaz de identificar o equipamento utilizado na conex\u00e3o ao website do HOTEL SOLAR DO ROS\u00c1RIO;<\/p>\n<p>q) <strong>Lei Geral de Prote\u00e7\u00e3o de Dados Pessoais (LGPD)<\/strong> \u2013 a Lei n. 13.709\/2018 e suas altera\u00e7\u00f5es e regulamenta\u00e7\u00f5es posteriores, que disp\u00f5e sobre o tratamento de dados pessoais de pessoas naturais, independente do meio, por pessoa natural ou por pessoa jur\u00eddica de direito p\u00fablico ou privado, com o objetivo de proteger os direitos fundamentais de liberdade e de privacidade e o livre desenvolvimento da personalidade da pessoa natural;<\/p>\n<p>r) <strong>Operador<\/strong> \u2013 pessoa natural ou jur\u00eddica, de direito p\u00fablico ou privado, que faz o tratamento de dados pessoais em nome do controlador;<\/p>\n<p>s) <strong>SMS<\/strong> \u2013 Servi\u00e7o que permite o envio de mensagens de texto, geralmente curtas, para aparelhos celulares;<\/p>\n<p>t) <strong>Titular<\/strong> \u2013 pessoa natural a quem se referem os dados pessoais que s\u00e3o objeto de tratamento. O titular pode ser, por exemplo, um cliente do HOTEL SOLAR DO ROS\u00c1RIO, um consumidor, entre outros;<\/p>\n<p>u) <strong>Tratamento<\/strong> \u2013 toda opera\u00e7\u00e3o feita com dados pessoais, como as que se referem a coleta, produ\u00e7\u00e3o, recep\u00e7\u00e3o, classifica\u00e7\u00e3o, utiliza\u00e7\u00e3o, acesso, reprodu\u00e7\u00e3o, transmiss\u00e3o, distribui\u00e7\u00e3o, processamento, arquivamento, armazenamento, elimina\u00e7\u00e3o, avalia\u00e7\u00e3o ou controle da informa\u00e7\u00e3o, modifica\u00e7\u00e3o, comunica\u00e7\u00e3o, transfer\u00eancia, difus\u00e3o ou extra\u00e7\u00e3o;<\/p>\n<p>v) <strong>Transfer\u00eancia Internacional de Dados Pessoais<\/strong> \u2013 transfer\u00eancia de dados pessoais para pa\u00eds estrangeiro ou organismo internacional do qual o Brasil seja membro; e<\/p>\n<p>w) <strong>Uso Compartilhado de Dados Pessoais<\/strong> \u2013 comunica\u00e7\u00e3o, difus\u00e3o, transfer\u00eancia internacional, interconex\u00e3o de dados pessoais ou tratamento compartilhado de bancos de dados pessoais por \u00f3rg\u00e3os e entidades p\u00fablicos no cumprimento de suas compet\u00eancias legais, ou entre esses e entes privados, reciprocamente, com autoriza\u00e7\u00e3o espec\u00edfica, para uma ou mais modalidades de tratamento permitidas por esses entes p\u00fablicos, ou entre entes privados.<\/p>\n<p><strong>2. TITULARES DOS DADOS PESSOAIS<\/strong><\/p>\n<p>O HOTEL SOLAR DO ROS\u00c1RIO trata os dados pessoais: (i) dos visitantes de nosso website e de nossas instala\u00e7\u00f5es; (ii) de nossos clientes; (iii) dos consumidores de nossos servi\u00e7os; (iv) dos nossos fornecedores, parceiros de neg\u00f3cio e prestadores de servi\u00e7os.<\/p>\n<p>Os fornecedores e prestadores de servi\u00e7os podem incluir pessoas de diferentes pa\u00edses em que s\u00e3o realizadas as opera\u00e7\u00f5es do HOTEL SOLAR DO ROS\u00c1RIO.<\/p>\n<p><strong>3. DADOS PESSOAIS TRATADOS PELA HOTEL SOLAR DO ROS\u00c1RIO<\/strong><\/p>\n<p>Os dados pessoais tratados pelo HOTEL SOLAR DO ROS\u00c1RIO s\u00e3o:<\/p>\n<p>a) dados de identifica\u00e7\u00e3o pessoal, tais como nome completo, estado civil e documentos (identidade [RG] e CPF);<\/p>\n<p>b) imagem, tais como foto ou v\u00eddeo;<\/p>\n<p>c) dados pessoais de contato, tais como endere\u00e7o de e-mail, telefone celular e endere\u00e7o completo (rua\/avenida, CEP, bairro, cidade, estado);<\/p>\n<p>d) dados financeiros, como n\u00famero de conta banc\u00e1ria e dados de cart\u00e3o de cr\u00e9dito; e<\/p>\n<p>e) dados de comportamento digital, como endere\u00e7o IP, cookies, geolocaliza\u00e7\u00e3o, navegador utilizado, data e hora de acesso e log de acesso do usu\u00e1rio ao website na \u00e1rea de Convidado.<\/p>\n<p><strong>4. COOKIES<\/strong><\/p>\n<p>Cookies s\u00e3o pequenos arquivos de texto que s\u00e3o guardados no disco r\u00edgido do computador do usu\u00e1rio quando ele visita um website. No HOTEL SOLAR DO ROS\u00c1RIO podemos utilizar t\u00e9cnicas equivalentes, como pixels de identifica\u00e7\u00e3o, web beacons etc. e, por uma quest\u00e3o de consist\u00eancia, todas estas t\u00e9cnicas combinadas ser\u00e3o aqui denominadas &#8220;cookies&#8221;.<\/p>\n<p>Os cookies definidos pelo propriet\u00e1rio do website s\u00e3o chamados de &#8220;cookies pr\u00f3prios ou prim\u00e1rios&#8221;. Aqueles definidos por terceiros que n\u00e3o o propriet\u00e1rio do website s\u00e3o chamados de &#8220;cookies de terceiros&#8221;. Os cookies de terceiros permitem que recursos ou funcionalidades sejam fornecidos no website ou por meio dele (por exemplo, publicidade, conte\u00fado interativo e an\u00e1lises). Os provedores destes cookies de terceiros podem reconhecer seu computador quando revisitar o website em quest\u00e3o e quando visitar outros websites.<\/p>\n<p><strong>a) POR QU\u00ca S\u00c3O UTILIZADOS COOKIES<\/strong><\/p>\n<p>Os cookies podem ser utilizados para diferentes fins, como para indicar, por exemplo, que o usu\u00e1rio visitou nosso website anteriormente e para identificar em qual conte\u00fado do website tem mais interesse. Os cookies tamb\u00e9m podem melhorar a sua experi\u00eancia online, armazenando as suas prefer\u00eancias durante a visita a nosso website.<\/p>\n<p>Os tipos espec\u00edficos de cookies prim\u00e1rios e de terceiros executados em nosso website e suas finalidades est\u00e3o descritos abaixo.<\/p>\n<p><strong>b) COOKIES DE TERCEIROS<\/strong><\/p>\n<p>Terceiros (externos ao HOTEL SOLAR DO ROS\u00c1RIO) podem guardar cookies no seu computador durante sua visita ao website. Estes cookies indiretos s\u00e3o semelhantes aos cookies diretos, mas prov\u00eam de um dom\u00ednio (endere\u00e7o de internet) diferente que o do HOTEL SOLAR DO ROS\u00c1RIO.<\/p>\n<p>O HOTEL SOLAR DO ROS\u00c1RIO n\u00e3o se responsabiliza pelo uso de cookies de terceiros e pela pol\u00edtica de privacidade por eles praticada. Os terceiros t\u00eam suas pr\u00f3prias pol\u00edticas para a coleta, uso, compartilhamento e qualquer esp\u00e9cie de tratamento de dados pessoais relacionado com seus servi\u00e7os, incluindo cookies, cabendo a eles a devida manuten\u00e7\u00e3o dos dados pessoais. A HOTEL SOLAR DO ROS\u00c1RIO, portanto, recomenda a leitura das respectivas pol\u00edticas destes terceiros.<\/p>\n<p>Este site usa o Google Analytics, que \u00e9 uma das solu\u00e7\u00f5es de an\u00e1lise mais difundidas e confi\u00e1veis da Web, para nos ajudar a entender como voc\u00ea usa o site e como podemos melhorar sua experi\u00eancia. Esses cookies podem rastrear itens como quanto tempo voc\u00ea gasta no site e as p\u00e1ginas visitadas, para que possamos continuar produzindo conte\u00fado atraente. Para mais informa\u00e7\u00f5es sobre cookies do Google Analytics, consulte a p\u00e1gina oficial do Google Analytics.<\/p>\n<p>Os tipos espec\u00edficos de cookies utilizados no website da e suas finalidades s\u00e3o descritos abaixo.<\/p>\n<p><strong>c) TIPOS DE COOKIES<\/strong><\/p>\n<p><strong>i) Necess\u00e1rios<\/strong><\/p>\n<p>Estes cookies s\u00e3o necess\u00e1rios para que o website do HOTEL SOLAR DO ROS\u00c1RIO funcione e n\u00e3o podem ser desativados nos nossos sistemas. Normalmente s\u00e3o unicamente atribu\u00eddos em resposta a a\u00e7\u00f5es dos usu\u00e1rios como ajustes de servi\u00e7o (por exemplo, escolher as prefer\u00eancias de privacidade, ao iniciar a sess\u00e3o ou ao completar formul\u00e1rios). Voc\u00ea pode configurar o seu navegador para bloquear ou alert\u00e1-lo sobre estes cookies, mas partes do website poder\u00e3o n\u00e3o funcionar corretamente.<\/p>\n<p>O website do HOTEL SOLAR DO ROS\u00c1RIO utiliza cookies necess\u00e1rios para:<\/p>\n<p>a) lembrar os produtos e\/ou servi\u00e7os que voc\u00ea adicionou ao seu carrinho durante as compras online;<\/p>\n<p>b) lembrar as informa\u00e7\u00f5es e dados pessoais que voc\u00ea preencheu em v\u00e1rias p\u00e1ginas durante pagamentos, para n\u00e3o ter de preencher todos os seus dados repetidamente;<\/p>\n<p>c) guardar prefer\u00eancias do usu\u00e1rio, como idioma, localiza\u00e7\u00e3o, o n\u00famero de resultados de busca a apresentar etc.;<\/p>\n<p>d) guardar defini\u00e7\u00f5es para uma apresenta\u00e7\u00e3o de v\u00eddeo otimizada, como o tamanho da mem\u00f3ria intermedi\u00e1ria e os detalhes da resolu\u00e7\u00e3o da sua tela;<\/p>\n<p>e) ler as defini\u00e7\u00f5es do seu navegador para podermos apresentar a nosso website de forma otimizada para a sua tela;<\/p>\n<p>f) localizar utiliza\u00e7\u00f5es indevidas da nosso website e servi\u00e7os, por exemplo, atrav\u00e9s do registro de v\u00e1rias tentativas malsucedidas para iniciar sess\u00e3o;<\/p>\n<p>g) carregar uniformemente o website para ela permanecer acess\u00edvel;<\/p>\n<p>h) oferecer a op\u00e7\u00e3o para memorizar os detalhes de in\u00edcio de sess\u00e3o para n\u00e3o ter de os introduzir sempre que acessar;<\/p>\n<p>i) possibilitar a introdu\u00e7\u00e3o de informa\u00e7\u00f5es no nosso website.<\/p>\n<p><strong>ii) Desempenho<\/strong><\/p>\n<p>Cookies que permitem contabilizar visitas e fontes de tr\u00e1fego, visando medir e aprimorar o desempenho do website. Todas as informa\u00e7\u00f5es coletadas por este tipo de cookie s\u00e3o an\u00f4nimas. Estes cookies de desempenho s\u00e3o utilizados para:<\/p>\n<p>a) registrar o n\u00famero de visitantes das nossas p\u00e1ginas do website;<\/p>\n<p>b) registrar o tempo que cada visitante passa nestas p\u00e1ginas;<\/p>\n<p>c) determinar a ordem pela qual um usu\u00e1rio visualiza as v\u00e1rias p\u00e1ginas do website do HOTEL SOLAR DO ROS\u00c1RIO;<\/p>\n<p>d) avaliar quais partes do website do HOTEL SOLAR DO ROS\u00c1RIO necessitam melhorias; e<\/p>\n<p>e) otimizar o website do HOTEL SOLAR DO ROS\u00c1RIO.<\/p>\n<p><strong>iii) Funcionalidade<\/strong><\/p>\n<p>Cookies que permitem ao website memorizar as suas escolhas, proporcionando uma experi\u00eancia personalizada. Podem ser estabelecidos pelo HOTEL SOLAR DO ROS\u00c1RIO ou por fornecedores cujos servi\u00e7os adicionamos ao website. O usu\u00e1rio poder\u00e1 restringir a execu\u00e7\u00e3o destes cookies, mas algumas destas funcionalidades, ou mesmo todas, poder\u00e3o n\u00e3o funcionar corretamente.<\/p>\n<p>Para possibilitar a implementa\u00e7\u00e3o destas personaliza\u00e7\u00f5es, o HOTEL SOLAR DO ROS\u00c1RIO identifica os interesses mais prov\u00e1veis com base nos websites que o cliente visita, para poder assim definir um perfil segmentado. Com base nos interesses, adaptamos os conte\u00fados no website do HOTEL SOLAR DO ROS\u00c1RIO a v\u00e1rios grupos de clientes.<\/p>\n<p>Cookies de terceiros utilizados em nosso website tamb\u00e9m podem ser utilizados para descobrir os seus interesses da mesma forma. Neste caso, as informa\u00e7\u00f5es sobre a sua visita atual ao website do HOTEL SOLAR DO ROS\u00c1RIO podem ser combinadas com as informa\u00e7\u00f5es de visitas anteriores a outros websites al\u00e9m dos nossos.<\/p>\n<p><strong>iv) Publicidade<\/strong><\/p>\n<p>Estes cookies podem ser utilizados por essas empresas para construir um perfil dos seus interesses e mostrar an\u00fancios relevantes em outros websites. Funcionam por identifica\u00e7\u00e3o \u00fanica do seu navegador e dispositivo. Se o usu\u00e1rio n\u00e3o permitir estes cookies, n\u00e3o desfrutar\u00e1 de publicidade personalizada em diferentes websites.<\/p>\n<p>O website dol HOTEL SOLAR DO ROS\u00c1RIO n\u00e3o apresentar\u00e1 an\u00fancios e, portanto, n\u00e3o far\u00e1 uso deste tipo de cookies.<\/p>\n<p><strong>d) Gerenciamento de Cookies<\/strong><\/p>\n<p>Voc\u00ea poder\u00e1 revogar a sua autoriza\u00e7\u00e3o quanto \u00e0 utiliza\u00e7\u00e3o dos cookies, acessando, para tanto, as configura\u00e7\u00f5es de seu navegador de prefer\u00eancia. Contudo, alertamos que, de acordo com as configura\u00e7\u00f5es executadas, certas funcionalidades dos nossos servi\u00e7os poder\u00e3o n\u00e3o funcionar corretamente, bem como aspectos de seguran\u00e7a da informa\u00e7\u00e3o.<\/p>\n<p><strong>5. COMO O HOTEL SOLAR DO ROS\u00c1RIO OBT\u00c9M OS DADOS PESSOAIS<\/strong><\/p>\n<p>O HOTEL SOLAR DO ROS\u00c1RIO pode obter dados pessoais diretamente com o pr\u00f3prio titular ou receb\u00ea-los de parceiros comerciais.<\/p>\n<p>Os dados pessoais obtidos pelo HOTEL SOLAR DO ROS\u00c1RIO s\u00e3o aqueles estritamente necess\u00e1rios para o alcance das finalidades descritas nesta Pol\u00edtica. N\u00e3o s\u00e3o compartilhados mais dados do que aqueles necess\u00e1rios para o estrito cumprimento das finalidades descrita.<\/p>\n<p><strong>6. FINALIDADES DOS TRATAMENTOS DOS DADOS PESSOAIS<\/strong><\/p>\n<p>O tratamento de dados pessoais pelo HOTEL SOLAR DO ROS\u00c1RIO \u00e9 executado atendendo \u00e0s seguintes finalidades:<\/p>\n<p>a) controles de acesso a per\u00edmetros seguros;<\/p>\n<p>b) seguran\u00e7a patrimonial;<\/p>\n<p>c) verificar e autenticar as informa\u00e7\u00f5es cadastradas na \u00e1rea de Convidados em nosso website;<\/p>\n<p>d) atender as solicita\u00e7\u00f5es de suporte;<\/p>\n<p>e) manter os cadastros atualizados para fins de contato por chamada telef\u00f4nica, e-mail, SMS ou outros meios de comunica\u00e7\u00e3o;<\/p>\n<p>f) fornecer os servi\u00e7os e produtos;<\/p>\n<p>g) gerar an\u00e1lises estat\u00edsticas do uso do website, produtos e servi\u00e7os;<\/p>\n<p>h) pesquisar e desenvolver novos produtos ou servi\u00e7os;<\/p>\n<p>i) aperfei\u00e7oar o website e seus conte\u00fados;<\/p>\n<p>j) proporcionar ao titular uma boa e f\u00e1cil experi\u00eancia de navega\u00e7\u00e3o no website;<\/p>\n<p>k) manter registros internos para fins de cumprimento de obriga\u00e7\u00f5es legais, auditoria, contabilidade e outras fun\u00e7\u00f5es internas;<\/p>\n<p>l) enriquecer as bases de dados do HOTEL SOLAR DO ROS\u00c1RIO, adicionando informa\u00e7\u00f5es obtidas de parceiros comerciais quando necess\u00e1rio, para estabelecer ou manter contato sobre os produtos e servi\u00e7os do website, a fim de indicar produtos e servi\u00e7os do pr\u00f3prio HOTEL SOLAR DO ROS\u00c1RIO ou de parceiros comerciais;<\/p>\n<p>m) comunicar sobre novidades, produtos, servi\u00e7os, funcionalidades, conte\u00fados, promo\u00e7\u00f5es, not\u00edcias, e eventos do HOTEL SOLAR DO ROS\u00c1RIO e de parceiros comerciais;<\/p>\n<p>n) executar campanhas de marketing e publicidade;<\/p>\n<p>o) operar, avaliar e melhorar os produtos e servi\u00e7os do HOTEL SOLAR DO ROS\u00c1RIO;<\/p>\n<p>p) analisar dados de pesquisas de mercado;<\/p>\n<p>q) contratar fornecedores, parceiros de neg\u00f3cio e prestadores de servi\u00e7o terceirizados;<\/p>\n<p>r) efetuar e receber pagamentos;<\/p>\n<p>s) analisar e liberar cr\u00e9dito;<\/p>\n<p>t) fiscalizar e controlar opera\u00e7\u00f5es do HOTEL SOLAR DO ROS\u00c1RIO;<\/p>\n<p>u) cadastrar usu\u00e1rios e realizar manuten\u00e7\u00e3o nos sistemas internos e ativos de TI do HOTEL SOLAR DO ROS\u00c1RIO;<\/p>\n<p>v) elaborar contratos, termos, acordos e outros documentos;<\/p>\n<p>w) cumprir obriga\u00e7\u00f5es legais e\/ou regulat\u00f3rias;<\/p>\n<p>x) cumprir ordens judiciais e\/ou administrativas;<\/p>\n<p>y) cumprir as obriga\u00e7\u00f5es contratuais com os usu\u00e1rios;<\/p>\n<p>z) implementar e manter medidas de seguran\u00e7a t\u00e9cnicas e organizacionais, auditorias e investiga\u00e7\u00f5es internas e\/ou verifica\u00e7\u00f5es de eventuais conflitos de interesses;<\/p>\n<p>aa) responder \u00e0s solicita\u00e7\u00f5es dos titulares de dados pessoais;<\/p>\n<p>bb) comunicar sobre mudan\u00e7as nas Pol\u00edticas aplic\u00e1veis ou Termos de Uso, caso necess\u00e1rio; e<\/p>\n<p>cc) identificar e prevenir fraudes ou outras atividades il\u00edcitas.<\/p>\n<p><strong>7. COMO O HOTEL SOLAR DO ROS\u00c1RIO TRATA OS DADOS PESSOAIS<\/strong><\/p>\n<p>Os dados pessoais s\u00e3o tratados pelo tempo necess\u00e1rio para o alcance das finalidades acima descritas, obedecendo a padr\u00f5es r\u00edgidos de confidencialidade e seguran\u00e7a. O HOTEL SOLAR DO ROS\u00c1RIO adota medidas t\u00e9cnicas e organizacionais para a prote\u00e7\u00e3o destes dados pessoais, incluindo sua elimina\u00e7\u00e3o quando alcan\u00e7ada a finalidade ou ap\u00f3s a expira\u00e7\u00e3o do per\u00edodo de reten\u00e7\u00e3o estabelecido.<\/p>\n<p>O tratamento de seus dados pessoais pode ocorrer mediante transfer\u00eancia internacional para parceiros comerciais com opera\u00e7\u00e3o no Brasil ou no exterior. O HOTEL SOLAR DO ROS\u00c1RIO certifica-se de que seus parceiros comerciais, fornecedores e prestadores de servi\u00e7os terceirizados, quando operadores de dados pessoais, adotam medidas t\u00e9cnicas e organizacionais de prote\u00e7\u00e3o de dados pessoais exigidas pela LGPD.<\/p>\n<p><strong>8. DIREITOS DO TITULAR DE DADOS PESSOAIS<\/strong><\/p>\n<p>Os direitos do titular de dados pessoais s\u00e3o de:<\/p>\n<p>a) confirmar a exist\u00eancia de tratamento de seus dados pessoais;<\/p>\n<p>b) acessar seus dados pessoais;<\/p>\n<p>c) corrigir seus dados pessoais incompletos, inexatos ou desatualizados;<\/p>\n<p>d) anonimizar, bloquear ou eliminar seus dados pessoais desnecess\u00e1rios, excessivos ou tratados em desconformidade com a LGPD;<\/p>\n<p>e) portar seus dados pessoais a outro fornecedor de servi\u00e7o ou produto, mediante requisi\u00e7\u00e3o expressa;<\/p>\n<p>f) eliminar seus dados pessoais tratados com seu consentimento, respeitadas as finalidades descritas nesta Pol\u00edtica de Privacidade;<\/p>\n<p>g) ser informado sobre com quais agentes de tratamento o HOTEL SOLAR DO ROS\u00c1RIO compartilhou seus dados pessoais;<\/p>\n<p>h) ser informado sobre a possibilidade de n\u00e3o fornecer seu consentimento e as consequ\u00eancias desta negativa;<\/p>\n<p>i) revogar seu consentimento; e<\/p>\n<p>j) ter revistas as decis\u00f5es automatizadas que envolverem o tratamento dos seus dados pessoais.<\/p>\n<p>Os direitos dos titulares poder\u00e3o ser exercidos mediante a sua requisi\u00e7\u00e3o ou por seu representante legal ao HOTEL SOLAR DO ROS\u00c1RIO pelo e-mail <a href=\"mailto:comercial@hotelsolardorosario.com.br\" target=\"_blank\" rel=\"noopener\">comercial@hotelsolardorosario.<wbr \/>com.br<\/a>.<\/p>\n","protected":false},"excerpt":{"rendered":"<p>\u00daltima atualiza\u00e7\u00e3o em: 28\/12\/2024 Esta Pol\u00edtica de Privacidade demonstra o compromisso do Casar\u00e3o Do Ros\u00e1rio Administra\u00e7\u00e3o Hoteleira Ltda., de denomina\u00e7\u00e3o fantasia &#8220;HOTEL SOLAR DO ROS\u00c1RIO&#8221;, pessoa jur\u00eddica de direito privado, inscrita no CNPJ sob o n. 26.680.856\/0001-49, sediada na Rua Get\u00falio Vargas, n. 260, Bairro do Ros\u00e1rio, em Ouro Preto\/MG, CEP 35.400-000, com a prote\u00e7\u00e3o [&hellip;]<\/p>\n","protected":false},"author":1,"featured_media":0,"parent":0,"menu_order":0,"comment_status":"closed","ping_status":"closed","template":"","meta":{"footnotes":""},"class_list":["post-3","page","type-page","status-publish","hentry"],"_links":{"self":[{"href":"https:\/\/hotelsolardorosario.com\/en\/wp-json\/wp\/v2\/pages\/3","targetHints":{"allow":["GET"]}}],"collection":[{"href":"https:\/\/hotelsolardorosario.com\/en\/wp-json\/wp\/v2\/pages"}],"about":[{"href":"https:\/\/hotelsolardorosario.com\/en\/wp-json\/wp\/v2\/types\/page"}],"author":[{"embeddable":true,"href":"https:\/\/hotelsolardorosario.com\/en\/wp-json\/wp\/v2\/users\/1"}],"replies":[{"embeddable":true,"href":"https:\/\/hotelsolardorosario.com\/en\/wp-json\/wp\/v2\/comments?post=3"}],"version-history":[{"count":3,"href":"https:\/\/hotelsolardorosario.com\/en\/wp-json\/wp\/v2\/pages\/3\/revisions"}],"predecessor-version":[{"id":1308,"href":"https:\/\/hotelsolardorosario.com\/en\/wp-json\/wp\/v2\/pages\/3\/revisions\/1308"}],"wp:attachment":[{"href":"https:\/\/hotelsolardorosario.com\/en\/wp-json\/wp\/v2\/media?parent=3"}],"curies":[{"name":"wp","href":"https:\/\/api.w.org\/{rel}","templated":true}]}}