{"id":188,"date":"2024-11-20T14:19:43","date_gmt":"2024-11-20T17:19:43","guid":{"rendered":"https:\/\/hotelsolardorosario.local\/?page_id=188"},"modified":"2024-12-30T09:33:56","modified_gmt":"2024-12-30T12:33:56","slug":"spa","status":"publish","type":"page","link":"https:\/\/hotelsolardorosario.com\/en\/spa\/","title":{"rendered":"SPA"},"content":{"rendered":"<div data-elementor-type=\"wp-page\" data-elementor-id=\"188\" class=\"elementor elementor-188\" data-elementor-post-type=\"page\">\n\t\t\t\t<div class=\"elementor-element elementor-element-5eae8c1 e-con-full e-flex e-con e-parent\" data-id=\"5eae8c1\" data-element_type=\"container\" data-e-type=\"container\" data-settings=\"{&quot;background_background&quot;:&quot;classic&quot;}\">\n\t\t\t\t<\/div>\n\t\t<header class=\"elementor-element elementor-element-4ab8103 e-flex e-con-boxed e-con e-parent\" data-id=\"4ab8103\" data-element_type=\"container\" data-e-type=\"container\">\n\t\t\t\t\t<div class=\"e-con-inner\">\n\t\t\t\t<div class=\"elementor-element elementor-element-5891903 elementor-widget elementor-widget-theme-post-title elementor-page-title elementor-widget-heading\" data-id=\"5891903\" data-element_type=\"widget\" data-e-type=\"widget\" data-widget_type=\"theme-post-title.default\">\n\t\t\t\t\t<h1 class=\"elementor-heading-title elementor-size-default\">SPA<\/h1>\t\t\t\t<\/div>\n\t\t\t\t\t<\/div>\n\t\t\t\t<\/header>\n\t\t<div class=\"elementor-element elementor-element-2506529 e-flex e-con-boxed e-con e-parent\" data-id=\"2506529\" data-element_type=\"container\" data-e-type=\"container\">\n\t\t\t\t\t<div class=\"e-con-inner\">\n\t\t<div class=\"elementor-element elementor-element-1675b3d e-con-full e-flex e-con e-child\" data-id=\"1675b3d\" data-element_type=\"container\" data-e-type=\"container\">\n\t\t\t\t<div class=\"elementor-element elementor-element-631e4ca elementor-widget elementor-widget-text-editor\" data-id=\"631e4ca\" data-element_type=\"widget\" data-e-type=\"widget\" data-widget_type=\"text-editor.default\">\n\t\t\t\t\t\t\t\t\t<p>The Spa is a space designed to create connection, balance, and extraordinary experiences of comfort and relaxation during your stay.<\/p><p>We believe in the culture of well-being and are committed to offering an exclusive and personalized experience for our guests. Experience the pleasures of a luxurious and serene retreat within the Hotel.<\/p><p>Discover the various treatments and possibilities offered by our professional therapists.<\/p><h4>Treatments:<\/h4><ul><li class=\"translation-block\"><strong>Foot Relief \/ Reflexology:<\/strong> Foot massage that relaxes the body and helps you sleep well.<\/li><li class=\"translation-block\"><strong>Body and Mind Balance \/ Shiatsu:<\/strong> Japanese, precise massage. Excellent for relieving muscle tension.<\/li><li class=\"translation-block\"><strong>Sports Massage \/ Energizing:<\/strong> Strong and vigorous massage for those who practice constant physical activity.<\/li><li class=\"translation-block\"><strong>Deep Relaxation:<\/strong> Relaxing massage with balanced essential oils. Relieves tension and reduces stress.<\/li><li class=\"translation-block\"><strong>Body Renewal \/ Detox:<\/strong> Sauna, self-exfoliation, body skin hydration, detox massage.<\/li><\/ul><p>This service is charged separately, exclusively for guests.<\/p>\t\t\t\t\t\t\t\t<\/div>\n\t\t\t\t<div class=\"elementor-element elementor-element-8036f58 elementor-mobile-align-justify elementor-widget elementor-widget-button\" data-id=\"8036f58\" data-element_type=\"widget\" data-e-type=\"widget\" data-widget_type=\"button.default\">\n\t\t\t\t\t\t\t\t\t\t<a class=\"elementor-button elementor-button-link elementor-size-sm\" href=\"https:\/\/keepo.io\/spadoourovemrelaxar\/\" target=\"_blank\" rel=\"noopener\">\n\t\t\t\t\t\t<span class=\"elementor-button-content-wrapper\">\n\t\t\t\t\t\t\t\t\t<span class=\"elementor-button-text\">Schedule Your Appointment<\/span>\n\t\t\t\t\t<\/span>\n\t\t\t\t\t<\/a>\n\t\t\t\t\t\t\t\t<\/div>\n\t\t\t\t<\/div>\n\t\t<div class=\"elementor-element elementor-element-3870249 e-con-full e-flex e-con e-child\" data-id=\"3870249\" data-element_type=\"container\" data-e-type=\"container\">\n\t\t\t\t<div class=\"elementor-element elementor-element-233834f elementor-skin-slideshow elementor-widget elementor-widget-media-carousel\" data-id=\"233834f\" data-element_type=\"widget\" data-e-type=\"widget\" data-settings=\"{&quot;skin&quot;:&quot;slideshow&quot;,&quot;slideshow_slides_per_view&quot;:&quot;4&quot;,&quot;centered_slides&quot;:&quot;yes&quot;,&quot;lazyload&quot;:&quot;yes&quot;,&quot;effect&quot;:&quot;slide&quot;,&quot;speed&quot;:500,&quot;autoplay&quot;:&quot;yes&quot;,&quot;autoplay_speed&quot;:5000,&quot;loop&quot;:&quot;yes&quot;,&quot;pause_on_hover&quot;:&quot;yes&quot;,&quot;pause_on_interaction&quot;:&quot;yes&quot;,&quot;space_between&quot;:{&quot;unit&quot;:&quot;px&quot;,&quot;size&quot;:10,&quot;sizes&quot;:[]},&quot;space_between_laptop&quot;:{&quot;unit&quot;:&quot;px&quot;,&quot;size&quot;:10,&quot;sizes&quot;:[]},&quot;space_between_tablet&quot;:{&quot;unit&quot;:&quot;px&quot;,&quot;size&quot;:10,&quot;sizes&quot;:[]},&quot;space_between_mobile&quot;:{&quot;unit&quot;:&quot;px&quot;,&quot;size&quot;:10,&quot;sizes&quot;:[]}}\" data-widget_type=\"media-carousel.default\">\n\t\t\t\t\t\t\t\t\t\t<div class=\"elementor-main-swiper swiper\" role=\"region\" aria-roledescription=\"carousel\" aria-label=\"Slides\">\n\t\t\t\t<div class=\"swiper-wrapper\">\n\t\t\t\t\t\t\t\t\t\t\t<div class=\"swiper-slide\" role=\"group\" aria-roledescription=\"slide\">\n\t\t\t\t\t\t\t<a href=\"https:\/\/hotelsolardorosario.com\/wp-content\/uploads\/2024\/11\/Hotel-Solar-do-Rosario-Spa-4.jpg\" data-elementor-open-lightbox=\"yes\" data-elementor-lightbox-slideshow=\"233834f\" data-elementor-lightbox-title=\"Hotel Solar do Rosario - Spa (4)\" data-e-action-hash=\"#elementor-action%3Aaction%3Dlightbox%26settings%3DeyJpZCI6NDA3LCJ1cmwiOiJodHRwczpcL1wvaG90ZWxzb2xhcmRvcm9zYXJpby5jb21cL3dwLWNvbnRlbnRcL3VwbG9hZHNcLzIwMjRcLzExXC9Ib3RlbC1Tb2xhci1kby1Sb3NhcmlvLVNwYS00LmpwZyIsInNsaWRlc2hvdyI6IjIzMzgzNGYifQ%3D%3D\">\t\t<div class=\"elementor-carousel-image swiper-lazy\" role=\"img\" aria-label=\"Hotel Solar do Rosario - Spa (4)\" data-background=\"https:\/\/hotelsolardorosario.com\/wp-content\/uploads\/2024\/11\/Hotel-Solar-do-Rosario-Spa-4.jpg\">\n\n\t\t\t\t\t\t\t<div class=\"swiper-lazy-preloader\"><\/div>\n\t\t\t\n\t\t\t\t\t<\/div>\n\t\t<\/a>\t\t\t\t\t\t<\/div>\n\t\t\t\t\t\t\t\t\t\t\t<div class=\"swiper-slide\" role=\"group\" aria-roledescription=\"slide\">\n\t\t\t\t\t\t\t<a href=\"https:\/\/hotelsolardorosario.com\/wp-content\/uploads\/2024\/11\/Hotel-Solar-do-Rosario-Spa-3.jpg\" data-elementor-open-lightbox=\"yes\" data-elementor-lightbox-slideshow=\"233834f\" data-elementor-lightbox-title=\"Hotel Solar do Rosario - Spa (3)\" data-e-action-hash=\"#elementor-action%3Aaction%3Dlightbox%26settings%3DeyJpZCI6NDA2LCJ1cmwiOiJodHRwczpcL1wvaG90ZWxzb2xhcmRvcm9zYXJpby5jb21cL3dwLWNvbnRlbnRcL3VwbG9hZHNcLzIwMjRcLzExXC9Ib3RlbC1Tb2xhci1kby1Sb3NhcmlvLVNwYS0zLmpwZyIsInNsaWRlc2hvdyI6IjIzMzgzNGYifQ%3D%3D\">\t\t<div class=\"elementor-carousel-image swiper-lazy\" role=\"img\" aria-label=\"Hotel Solar do Rosario - Spa (3)\" data-background=\"https:\/\/hotelsolardorosario.com\/wp-content\/uploads\/2024\/11\/Hotel-Solar-do-Rosario-Spa-3.jpg\">\n\n\t\t\t\t\t\t\t<div class=\"swiper-lazy-preloader\"><\/div>\n\t\t\t\n\t\t\t\t\t<\/div>\n\t\t<\/a>\t\t\t\t\t\t<\/div>\n\t\t\t\t\t\t\t\t\t\t\t<div class=\"swiper-slide\" role=\"group\" aria-roledescription=\"slide\">\n\t\t\t\t\t\t\t<a href=\"https:\/\/hotelsolardorosario.com\/wp-content\/uploads\/2024\/11\/Hotel-Solar-do-Rosario-Spa-2.jpg\" data-elementor-open-lightbox=\"yes\" data-elementor-lightbox-slideshow=\"233834f\" data-elementor-lightbox-title=\"Hotel Solar do Rosario - Spa (2)\" data-e-action-hash=\"#elementor-action%3Aaction%3Dlightbox%26settings%3DeyJpZCI6NDA1LCJ1cmwiOiJodHRwczpcL1wvaG90ZWxzb2xhcmRvcm9zYXJpby5jb21cL3dwLWNvbnRlbnRcL3VwbG9hZHNcLzIwMjRcLzExXC9Ib3RlbC1Tb2xhci1kby1Sb3NhcmlvLVNwYS0yLmpwZyIsInNsaWRlc2hvdyI6IjIzMzgzNGYifQ%3D%3D\">\t\t<div class=\"elementor-carousel-image swiper-lazy\" role=\"img\" aria-label=\"Hotel Solar do Rosario - Spa (2)\" data-background=\"https:\/\/hotelsolardorosario.com\/wp-content\/uploads\/2024\/11\/Hotel-Solar-do-Rosario-Spa-2.jpg\">\n\n\t\t\t\t\t\t\t<div class=\"swiper-lazy-preloader\"><\/div>\n\t\t\t\n\t\t\t\t\t<\/div>\n\t\t<\/a>\t\t\t\t\t\t<\/div>\n\t\t\t\t\t\t\t\t\t\t\t<div class=\"swiper-slide\" role=\"group\" aria-roledescription=\"slide\">\n\t\t\t\t\t\t\t<a href=\"https:\/\/hotelsolardorosario.com\/wp-content\/uploads\/2024\/11\/Hotel-Solar-do-Rosario-Spa-1.jpg\" data-elementor-open-lightbox=\"yes\" data-elementor-lightbox-slideshow=\"233834f\" data-elementor-lightbox-title=\"Hotel Solar do Rosario - Spa (1)\" data-e-action-hash=\"#elementor-action%3Aaction%3Dlightbox%26settings%3DeyJpZCI6NDA0LCJ1cmwiOiJodHRwczpcL1wvaG90ZWxzb2xhcmRvcm9zYXJpby5jb21cL3dwLWNvbnRlbnRcL3VwbG9hZHNcLzIwMjRcLzExXC9Ib3RlbC1Tb2xhci1kby1Sb3NhcmlvLVNwYS0xLmpwZyIsInNsaWRlc2hvdyI6IjIzMzgzNGYifQ%3D%3D\">\t\t<div class=\"elementor-carousel-image swiper-lazy\" role=\"img\" aria-label=\"Hotel Solar do Rosario - Spa (1)\" data-background=\"https:\/\/hotelsolardorosario.com\/wp-content\/uploads\/2024\/11\/Hotel-Solar-do-Rosario-Spa-1.jpg\">\n\n\t\t\t\t\t\t\t<div class=\"swiper-lazy-preloader\"><\/div>\n\t\t\t\n\t\t\t\t\t<\/div>\n\t\t<\/a>\t\t\t\t\t\t<\/div>\n\t\t\t\t\t\t\t\t\t<\/div>\n\t\t\t\t\t\t\t\t\t\t\t\t\t\t\t\t\t\t\t\t\t<\/div>\n\t\t\t\t\t\t\t\t\t<div class=\"elementor-main-swiper swiper elementor-thumbnails-swiper swiper\" role=\"region region\" aria-roledescription=\"carousel carousel\" aria-label=\"Slides Slides\">\n\t\t\t\t<div class=\"swiper-wrapper\">\n\t\t\t\t\t\t\t\t\t\t\t<div class=\"swiper-slide\" role=\"group\" aria-roledescription=\"slide\">\n\t\t\t\t\t\t\t\t\t<div class=\"elementor-carousel-image swiper-lazy\" role=\"img\" aria-label=\"Hotel Solar do Rosario - Spa (4)\" data-background=\"https:\/\/hotelsolardorosario.com\/wp-content\/uploads\/2024\/11\/Hotel-Solar-do-Rosario-Spa-4.jpg\">\n\n\t\t\t\t\t\t\t<div class=\"swiper-lazy-preloader\"><\/div>\n\t\t\t\n\t\t\t\t\t<\/div>\n\t\t<\/a>\t\t\t\t\t\t<\/div>\n\t\t\t\t\t\t\t\t\t\t\t<div class=\"swiper-slide\" role=\"group\" aria-roledescription=\"slide\">\n\t\t\t\t\t\t\t\t\t<div class=\"elementor-carousel-image swiper-lazy\" role=\"img\" aria-label=\"Hotel Solar do Rosario - Spa (3)\" data-background=\"https:\/\/hotelsolardorosario.com\/wp-content\/uploads\/2024\/11\/Hotel-Solar-do-Rosario-Spa-3.jpg\">\n\n\t\t\t\t\t\t\t<div class=\"swiper-lazy-preloader\"><\/div>\n\t\t\t\n\t\t\t\t\t<\/div>\n\t\t<\/a>\t\t\t\t\t\t<\/div>\n\t\t\t\t\t\t\t\t\t\t\t<div class=\"swiper-slide\" role=\"group\" aria-roledescription=\"slide\">\n\t\t\t\t\t\t\t\t\t<div class=\"elementor-carousel-image swiper-lazy\" role=\"img\" aria-label=\"Hotel Solar do Rosario - Spa (2)\" data-background=\"https:\/\/hotelsolardorosario.com\/wp-content\/uploads\/2024\/11\/Hotel-Solar-do-Rosario-Spa-2.jpg\">\n\n\t\t\t\t\t\t\t<div class=\"swiper-lazy-preloader\"><\/div>\n\t\t\t\n\t\t\t\t\t<\/div>\n\t\t<\/a>\t\t\t\t\t\t<\/div>\n\t\t\t\t\t\t\t\t\t\t\t<div class=\"swiper-slide\" role=\"group\" aria-roledescription=\"slide\">\n\t\t\t\t\t\t\t\t\t<div class=\"elementor-carousel-image swiper-lazy\" role=\"img\" aria-label=\"Hotel Solar do Rosario - Spa (1)\" data-background=\"https:\/\/hotelsolardorosario.com\/wp-content\/uploads\/2024\/11\/Hotel-Solar-do-Rosario-Spa-1.jpg\">\n\n\t\t\t\t\t\t\t<div class=\"swiper-lazy-preloader\"><\/div>\n\t\t\t\n\t\t\t\t\t<\/div>\n\t\t<\/a>\t\t\t\t\t\t<\/div>\n\t\t\t\t\t\t\t\t\t<\/div>\n\t\t\t\t\t\t\t\t\t\t\t\t\t\t\t\t\t\t\t\t\t<\/div>\n\t\t\t\t\t\t\t\t<\/div>\n\t\t\t\t<\/div>\n\t\t\t\t\t<\/div>\n\t\t\t\t<\/div>\n\t\t\t\t<\/div>","protected":false},"excerpt":{"rendered":"<p>O Spa \u00e9 um espa\u00e7o para gerar conex\u00e3o, equil\u00edbrio e experi\u00eancias extraordin\u00e1rias de conforto e relaxamento durante a estadia. Acreditamos na cultura do bem-estar e nos comprometemos em oferecer uma experi\u00eancia exclusiva e personalizada para os nossos h\u00f3spedes. Vivencie os prazeres de um ref\u00fagio de luxo e serenidade dentro do Hotel. Conhe\u00e7a os diferentes tratamentos [&hellip;]<\/p>\n","protected":false},"author":1,"featured_media":406,"parent":0,"menu_order":0,"comment_status":"closed","ping_status":"closed","template":"elementor_header_footer","meta":{"footnotes":""},"class_list":["post-188","page","type-page","status-publish","has-post-thumbnail","hentry"],"_links":{"self":[{"href":"https:\/\/hotelsolardorosario.com\/en\/wp-json\/wp\/v2\/pages\/188","targetHints":{"allow":["GET"]}}],"collection":[{"href":"https:\/\/hotelsolardorosario.com\/en\/wp-json\/wp\/v2\/pages"}],"about":[{"href":"https:\/\/hotelsolardorosario.com\/en\/wp-json\/wp\/v2\/types\/page"}],"author":[{"embeddable":true,"href":"https:\/\/hotelsolardorosario.com\/en\/wp-json\/wp\/v2\/users\/1"}],"replies":[{"embeddable":true,"href":"https:\/\/hotelsolardorosario.com\/en\/wp-json\/wp\/v2\/comments?post=188"}],"version-history":[{"count":3,"href":"https:\/\/hotelsolardorosario.com\/en\/wp-json\/wp\/v2\/pages\/188\/revisions"}],"predecessor-version":[{"id":1232,"href":"https:\/\/hotelsolardorosario.com\/en\/wp-json\/wp\/v2\/pages\/188\/revisions\/1232"}],"wp:featuredmedia":[{"embeddable":true,"href":"https:\/\/hotelsolardorosario.com\/en\/wp-json\/wp\/v2\/media\/406"}],"wp:attachment":[{"href":"https:\/\/hotelsolardorosario.com\/en\/wp-json\/wp\/v2\/media?parent=188"}],"curies":[{"name":"wp","href":"https:\/\/api.w.org\/{rel}","templated":true}]}}